{"id":5653,"date":"2024-04-10T06:57:33","date_gmt":"2024-04-10T06:57:33","guid":{"rendered":"https:\/\/oxymatic.lobostudio.pl\/podpora\/"},"modified":"2025-09-17T12:02:50","modified_gmt":"2025-09-17T12:02:50","slug":"podpora","status":"publish","type":"page","link":"https:\/\/www.oxymatic.lobostudio.pl\/cs\/podpora\/","title":{"rendered":"Podpora"},"content":{"rendered":"\t\t<div data-elementor-type=\"wp-page\" data-elementor-id=\"5653\" class=\"elementor elementor-5653 elementor-1590\" data-elementor-post-type=\"page\">\n\t\t\t\t\t\t\t<div class=\"elementor-element elementor-element-1409799 e-con-full e-flex e-con e-parent\" data-id=\"1409799\" data-element_type=\"container\" data-settings=\"{&quot;content_width&quot;:&quot;full&quot;,&quot;background_background&quot;:&quot;classic&quot;,&quot;container_type&quot;:&quot;flex&quot;}\" data-e-bg-lazyload=\"\" data-core-v316-plus=\"true\">\n\t\t\t\t<div class=\"elementor-element elementor-element-33a408a elementor-widget__width-initial elementor-widget-tablet__width-initial elementor-invisible elementor-widget elementor-widget-heading\" data-id=\"33a408a\" data-element_type=\"widget\" data-settings=\"{&quot;_animation&quot;:&quot;fadeInLeft&quot;}\" data-widget_type=\"heading.default\">\n\t\t\t\t<div class=\"elementor-widget-container\">\n\t\t\t<style>\/*! elementor - v3.17.0 - 08-11-2023 *\/\n.elementor-heading-title{padding:0;margin:0;line-height:1}.elementor-widget-heading .elementor-heading-title[class*=elementor-size-]>a{color:inherit;font-size:inherit;line-height:inherit}.elementor-widget-heading .elementor-heading-title.elementor-size-small{font-size:15px}.elementor-widget-heading .elementor-heading-title.elementor-size-medium{font-size:19px}.elementor-widget-heading .elementor-heading-title.elementor-size-large{font-size:29px}.elementor-widget-heading .elementor-heading-title.elementor-size-xl{font-size:39px}.elementor-widget-heading .elementor-heading-title.elementor-size-xxl{font-size:59px}<\/style><span class=\"elementor-heading-title elementor-size-default\">Podpora va\u0161eho podnik\u00e1n\u00ed <\/span>\t\t<\/div>\n\t\t\t\t<\/div>\n\t\t<div class=\"elementor-element elementor-element-73541aa e-con-full e-flex e-con e-child\" data-id=\"73541aa\" data-element_type=\"container\" data-settings=\"{&quot;content_width&quot;:&quot;full&quot;,&quot;container_type&quot;:&quot;flex&quot;}\">\n\t\t<div class=\"elementor-element elementor-element-9a0f4db e-con-full e-flex e-con e-child\" data-id=\"9a0f4db\" data-element_type=\"container\" data-settings=\"{&quot;content_width&quot;:&quot;full&quot;,&quot;container_type&quot;:&quot;flex&quot;}\">\n\t\t\t\t<div class=\"elementor-element elementor-element-d1a9a87 elementor-widget-tablet__width-initial elementor-invisible elementor-widget elementor-widget-text-editor\" data-id=\"d1a9a87\" data-element_type=\"widget\" data-settings=\"{&quot;_animation&quot;:&quot;fadeInLeft&quot;}\" data-widget_type=\"text-editor.default\">\n\t\t\t\t<div class=\"elementor-widget-container\">\n\t\t\t<style>\/*! elementor - v3.17.0 - 08-11-2023 *\/\n.elementor-widget-text-editor.elementor-drop-cap-view-stacked .elementor-drop-cap{background-color:#69727d;color:#fff}.elementor-widget-text-editor.elementor-drop-cap-view-framed .elementor-drop-cap{color:#69727d;border:3px solid;background-color:transparent}.elementor-widget-text-editor:not(.elementor-drop-cap-view-default) .elementor-drop-cap{margin-top:8px}.elementor-widget-text-editor:not(.elementor-drop-cap-view-default) .elementor-drop-cap-letter{width:1em;height:1em}.elementor-widget-text-editor .elementor-drop-cap{float:left;text-align:center;line-height:1;font-size:50px}.elementor-widget-text-editor .elementor-drop-cap-letter{display:inline-block}<\/style>\t\t\t\t<h3>Nab\u00edz\u00edme komplexn\u00ed slu\u017eby na podporu na\u0161ich z\u00e1kazn\u00edk\u016f.<\/h3>\t\t\t\t\t\t<\/div>\n\t\t\t\t<\/div>\n\t\t\t\t<\/div>\n\t\t<div class=\"elementor-element elementor-element-a13889d e-con-full e-flex e-con e-child\" data-id=\"a13889d\" data-element_type=\"container\" data-settings=\"{&quot;content_width&quot;:&quot;full&quot;,&quot;background_background&quot;:&quot;classic&quot;,&quot;container_type&quot;:&quot;flex&quot;}\">\n\t\t<div class=\"elementor-element elementor-element-84ccfbe e-con-full e-flex elementor-invisible e-con e-child\" data-id=\"84ccfbe\" data-element_type=\"container\" data-settings=\"{&quot;content_width&quot;:&quot;full&quot;,&quot;background_background&quot;:&quot;classic&quot;,&quot;animation&quot;:&quot;fadeInRight&quot;,&quot;container_type&quot;:&quot;flex&quot;}\">\n\t\t\t\t<div class=\"elementor-element elementor-element-d5f86de elementor-widget-mobile__width-initial elementor-position-top elementor-widget elementor-widget-image-box\" data-id=\"d5f86de\" data-element_type=\"widget\" data-widget_type=\"image-box.default\">\n\t\t\t\t<div class=\"elementor-widget-container\">\n\t\t\t<style>\/*! elementor - v3.17.0 - 08-11-2023 *\/\n.elementor-widget-image-box .elementor-image-box-content{width:100%}@media (min-width:768px){.elementor-widget-image-box.elementor-position-left .elementor-image-box-wrapper,.elementor-widget-image-box.elementor-position-right .elementor-image-box-wrapper{display:flex}.elementor-widget-image-box.elementor-position-right .elementor-image-box-wrapper{text-align:right;flex-direction:row-reverse}.elementor-widget-image-box.elementor-position-left .elementor-image-box-wrapper{text-align:left;flex-direction:row}.elementor-widget-image-box.elementor-position-top .elementor-image-box-img{margin:auto}.elementor-widget-image-box.elementor-vertical-align-top .elementor-image-box-wrapper{align-items:flex-start}.elementor-widget-image-box.elementor-vertical-align-middle .elementor-image-box-wrapper{align-items:center}.elementor-widget-image-box.elementor-vertical-align-bottom .elementor-image-box-wrapper{align-items:flex-end}}@media (max-width:767px){.elementor-widget-image-box .elementor-image-box-img{margin-left:auto!important;margin-right:auto!important;margin-bottom:15px}}.elementor-widget-image-box .elementor-image-box-img{display:inline-block}.elementor-widget-image-box .elementor-image-box-title a{color:inherit}.elementor-widget-image-box .elementor-image-box-wrapper{text-align:center}.elementor-widget-image-box .elementor-image-box-description{margin:0}<\/style><div class=\"elementor-image-box-wrapper\"><figure class=\"elementor-image-box-img\"><img fetchpriority=\"high\" decoding=\"async\" width=\"426\" height=\"421\" src=\"https:\/\/oxymatic.lobostudio.pl\/wp-content\/uploads\/2024\/02\/szkolenie-white.svg\" class=\"elementor-animation-sink attachment-full size-full wp-image-1277\" alt=\"\" \/><\/figure><div class=\"elementor-image-box-content\"><h3 class=\"elementor-image-box-title\">\u0160kolen\u00ed<\/h3><p class=\"elementor-image-box-description\">Na\u0161i specialist\u00e9 provedou \u0161kolen\u00ed komor p\u0159\u00edmo u v\u00e1s. M\u016f\u017eete se tak\u00e9 spolehnout na pomoc s marketingem <\/p><\/div><\/div>\t\t<\/div>\n\t\t\t\t<\/div>\n\t\t\t\t<div class=\"elementor-element elementor-element-b9b8f5d elementor-align-center elementor-invisible elementor-widget elementor-widget-button\" data-id=\"b9b8f5d\" data-element_type=\"widget\" data-settings=\"{&quot;_animation&quot;:&quot;fadeInDown&quot;}\" data-widget_type=\"button.default\">\n\t\t\t\t<div class=\"elementor-widget-container\">\n\t\t\t\t\t<div class=\"elementor-button-wrapper\">\n\t\t\t<a class=\"elementor-button elementor-button-link elementor-size-sm elementor-animation-sink\" href=\"https:\/\/www.oxymatic.lobostudio.pl\/cs\/skoleni\/\">\n\t\t\t\t\t\t<span class=\"elementor-button-content-wrapper\">\n\t\t\t\t\t\t<span class=\"elementor-button-text\">Pod\u00edvejte se na<\/span>\n\t\t<\/span>\n\t\t\t\t\t<\/a>\n\t\t<\/div>\n\t\t\t\t<\/div>\n\t\t\t\t<\/div>\n\t\t\t\t<\/div>\n\t\t<div class=\"elementor-element elementor-element-f1fb393 e-con-full e-flex elementor-invisible e-con e-child\" data-id=\"f1fb393\" data-element_type=\"container\" data-settings=\"{&quot;content_width&quot;:&quot;full&quot;,&quot;background_background&quot;:&quot;classic&quot;,&quot;animation&quot;:&quot;fadeInRight&quot;,&quot;container_type&quot;:&quot;flex&quot;}\">\n\t\t\t\t<div class=\"elementor-element elementor-element-65cdee5 elementor-widget-mobile__width-initial elementor-position-top elementor-widget elementor-widget-image-box\" data-id=\"65cdee5\" data-element_type=\"widget\" data-widget_type=\"image-box.default\">\n\t\t\t\t<div class=\"elementor-widget-container\">\n\t\t\t<div class=\"elementor-image-box-wrapper\"><figure class=\"elementor-image-box-img\"><img decoding=\"async\" width=\"445\" height=\"490\" src=\"https:\/\/oxymatic.lobostudio.pl\/wp-content\/uploads\/2024\/02\/serwis-white.svg\" class=\"elementor-animation-sink attachment-full size-full wp-image-1279\" alt=\"\" \/><\/figure><div class=\"elementor-image-box-content\"><h3 class=\"elementor-image-box-title\">Slu\u017eba<\/h3><p class=\"elementor-image-box-description\">Na\u0161i servisn\u00ed technici nainstaluj\u00ed komoru na va\u0161em pracovi\u0161ti a provedou testy. V p\u0159\u00edpad\u011b pot\u0159eby k v\u00e1m p\u0159ijedou a provedou kontroly. <\/p><\/div><\/div>\t\t<\/div>\n\t\t\t\t<\/div>\n\t\t\t\t<div class=\"elementor-element elementor-element-5e2ae99 elementor-align-center elementor-invisible elementor-widget elementor-widget-button\" data-id=\"5e2ae99\" data-element_type=\"widget\" data-settings=\"{&quot;_animation&quot;:&quot;fadeInDown&quot;}\" data-widget_type=\"button.default\">\n\t\t\t\t<div class=\"elementor-widget-container\">\n\t\t\t\t\t<div class=\"elementor-button-wrapper\">\n\t\t\t<a class=\"elementor-button elementor-button-link elementor-size-sm elementor-animation-sink\" href=\"https:\/\/www.oxymatic.lobostudio.pl\/cs\/servis\/\">\n\t\t\t\t\t\t<span class=\"elementor-button-content-wrapper\">\n\t\t\t\t\t\t<span class=\"elementor-button-text\">Pod\u00edvejte se na<\/span>\n\t\t<\/span>\n\t\t\t\t\t<\/a>\n\t\t<\/div>\n\t\t\t\t<\/div>\n\t\t\t\t<\/div>\n\t\t\t\t<\/div>\n\t\t<div class=\"elementor-element elementor-element-fe17ff8 e-con-full e-flex elementor-invisible e-con e-child\" data-id=\"fe17ff8\" data-element_type=\"container\" data-settings=\"{&quot;content_width&quot;:&quot;full&quot;,&quot;background_background&quot;:&quot;classic&quot;,&quot;animation&quot;:&quot;fadeInRight&quot;,&quot;container_type&quot;:&quot;flex&quot;}\">\n\t\t\t\t<div class=\"elementor-element elementor-element-3352a72 elementor-widget-mobile__width-initial elementor-position-top elementor-widget elementor-widget-image-box\" data-id=\"3352a72\" data-element_type=\"widget\" data-widget_type=\"image-box.default\">\n\t\t\t\t<div class=\"elementor-widget-container\">\n\t\t\t<div class=\"elementor-image-box-wrapper\"><figure class=\"elementor-image-box-img\"><img decoding=\"async\" width=\"436\" height=\"439\" src=\"https:\/\/oxymatic.lobostudio.pl\/wp-content\/uploads\/2024\/02\/finansowanie-white.svg\" class=\"elementor-animation-sink attachment-full size-full wp-image-1278\" alt=\"\" \/><\/figure><div class=\"elementor-image-box-content\"><h3 class=\"elementor-image-box-title\">Financov\u00e1n\u00ed<\/h3><p class=\"elementor-image-box-description\">Na\u0161i poradci v\u00e1m r\u00e1di pomohou vybrat nejv\u00fdhodn\u011bj\u0161\u00ed mo\u017enost financov\u00e1n\u00ed n\u00e1kupu va\u0161\u00ed komory.<\/p><\/div><\/div>\t\t<\/div>\n\t\t\t\t<\/div>\n\t\t\t\t<div class=\"elementor-element elementor-element-8c576e8 elementor-align-center elementor-invisible elementor-widget elementor-widget-button\" data-id=\"8c576e8\" data-element_type=\"widget\" data-settings=\"{&quot;_animation&quot;:&quot;fadeInDown&quot;}\" data-widget_type=\"button.default\">\n\t\t\t\t<div class=\"elementor-widget-container\">\n\t\t\t\t\t<div class=\"elementor-button-wrapper\">\n\t\t\t<a class=\"elementor-button elementor-button-link elementor-size-sm elementor-animation-sink\" href=\"https:\/\/www.oxymatic.lobostudio.pl\/cs\/financovani\/\">\n\t\t\t\t\t\t<span class=\"elementor-button-content-wrapper\">\n\t\t\t\t\t\t<span class=\"elementor-button-text\">Pod\u00edvejte se na<\/span>\n\t\t<\/span>\n\t\t\t\t\t<\/a>\n\t\t<\/div>\n\t\t\t\t<\/div>\n\t\t\t\t<\/div>\n\t\t\t\t<\/div>\n\t\t\t\t<\/div>\n\t\t\t\t<\/div>\n\t\t\t\t<\/div>\n\t\t<div class=\"elementor-element elementor-element-847b4d4 e-flex e-con-boxed e-con e-parent\" data-id=\"847b4d4\" data-element_type=\"container\" data-settings=\"{&quot;container_type&quot;:&quot;flex&quot;,&quot;content_width&quot;:&quot;boxed&quot;}\" data-core-v316-plus=\"true\">\n\t\t\t\t\t<div class=\"e-con-inner\">\n\t\t<div class=\"elementor-element elementor-element-60f6b96 e-flex e-con-boxed e-con e-child\" data-id=\"60f6b96\" data-element_type=\"container\" data-settings=\"{&quot;background_background&quot;:&quot;classic&quot;,&quot;container_type&quot;:&quot;flex&quot;,&quot;content_width&quot;:&quot;boxed&quot;}\">\n\t\t\t\t\t<div class=\"e-con-inner\">\n\t\t\t\t<div class=\"elementor-element elementor-element-5b24dac elementor-widget elementor-widget-text-editor\" data-id=\"5b24dac\" data-element_type=\"widget\" data-widget_type=\"text-editor.default\">\n\t\t\t\t<div class=\"elementor-widget-container\">\n\t\t\t\t\t\t\t<h2>V dne\u0161n\u00edm dynamick\u00e9m sv\u011bt\u011b podnik\u00e1n\u00ed v\u00edme, \u017ee \u00fasp\u011bch firmy vy\u017eaduje komplexn\u00ed podporu na ka\u017ed\u00e9m kroku. Na\u0161e spole\u010dnost ch\u00e1pe, \u017ee r\u016fst a prosperita va\u0161\u00ed firmy nez\u00e1vis\u00ed jen na produktu nebo slu\u017eb\u011b, ale tak\u00e9 na spolehliv\u00e9m partnerstv\u00ed a podpo\u0159e, kterou od n\u00e1s z\u00edsk\u00e1te. <\/h2>\t\t\t\t\t\t<\/div>\n\t\t\t\t<\/div>\n\t\t\t\t<div class=\"elementor-element elementor-element-ae4040d elementor-widget elementor-widget-text-editor\" data-id=\"ae4040d\" data-element_type=\"widget\" data-widget_type=\"text-editor.default\">\n\t\t\t\t<div class=\"elementor-widget-container\">\n\t\t\t\t\t\t\t<p style=\"line-height: 108%; text-indent: 1.25cm; margin-bottom: 0.28cm;\" align=\"justify\"><span style=\"color: var( --e-global-color-text ); font-family: var( --e-global-typography-text-font-family ), Sans-serif; font-size: 12pt; font-style: var( --e-global-typography-text-font-style ); font-weight: var( --e-global-typography-text-font-weight ); letter-spacing: var( --e-global-typography-text-letter-spacing ); text-transform: var( --e-global-typography-text-text-transform ); word-spacing: var( --e-global-typography-text-word-spacing ); text-align: var(--text-align); background-color: var( --e-global-color-9042db2 );\">W Oxymatic\u00ae<\/span> <span style=\"color: var( --e-global-color-text ); font-family: var( --e-global-typogW Oxymatic\u00ae pragniemy zapewni\u0107 pe\u0142ne wsparcie dla Twojego biznesu od momentu podj\u0119cia wsp\u00f3\u0142pracy a\u017c do osi\u0105gni\u0119cia sukcesu na rynku. Nasza oferta;\">Chceme v\u00e1m zajistit komplexn\u00ed podporu pro v\u00e1\u0161 podnik od okam\u017eiku nav\u00e1z\u00e1n\u00ed spolupr\u00e1ce a\u017e po dosa\u017een\u00ed \u00fasp\u011bchu na trhu. Na\u0161e nab\u00eddka \u201eod A do Z\u201c zahrnuje \u0161irokou \u0161k\u00e1lu slu\u017eeb, kter\u00e9 maj\u00ed usnadnit provozov\u00e1n\u00ed \u010dinnost\u00ed spojen\u00fdch s m\u00edrn\u00fdmi hyperbarick\u00fdmi komorami. <\/span><\/p>\n<p style=\"line-height: 108%; margin-bottom: 0.28cm;\" align=\"justify\"><span style=\"font-size: 12pt;\">Na za\u010d\u00e1tku v\u00e1m na\u0161i poradci pomohou vybrat komoru Oxymatic\u00ae p\u0159esn\u011b podle va\u0161ich pot\u0159eb a zvolit nejv\u00fdhodn\u011bj\u0161\u00ed formu financov\u00e1n\u00ed. Na\u0161i servisn\u00ed technici zajist\u00ed mont\u00e1\u017e a p\u0159ipojen\u00ed komory u v\u00e1s, zat\u00edmco na\u0161i \u0161kolitel\u00e9 v\u00e1m vysv\u011btl\u00ed, jak komoru Oxymatic\u00ae spr\u00e1vn\u011b pou\u017e\u00edvat. Z\u00edsk\u00e1te tak\u00e9 propaga\u010dn\u00ed materi\u00e1ly a tipy, jak p\u0159il\u00e1kat z\u00e1kazn\u00edky a efektivn\u011b propagovat sv\u00e9 podnik\u00e1n\u00ed s vyu\u017eit\u00edm hyperbarick\u00fdch komor Oxymatic\u00ae. N\u00e1\u0161 t\u00fdm je v\u017edy p\u0159ipraven odpov\u011bd\u011bt na va\u0161e dotazy a poskytnout nep\u0159etr\u017eitou technickou podporu a poradenstv\u00ed.   <\/span><\/p>\n<p style=\"line-height: 108%; margin-bottom: 0.28cm;\" align=\"justify\"><span style=\"font-size: 12pt;\">D\u00edky na\u0161emu komplexn\u00edmu p\u0159\u00edstupu ke spolupr\u00e1ci si m\u016f\u017eete b\u00fdt jisti, \u017ee va\u0161e podnik\u00e1n\u00ed bude m\u00edt nezbytnou podporu v ka\u017ed\u00e9 f\u00e1zi sv\u00e9ho rozvoje. Spole\u010dn\u011b s Oxymatic\u00ae m\u016f\u017eeme dos\u00e1hnout \u00fasp\u011bchu na trhu hyperbarick\u00fdch komor a zajistit va\u0161im z\u00e1kazn\u00edk\u016fm nejvy\u0161\u0161\u00ed kvalitu a inovativn\u00ed \u0159e\u0161en\u00ed. <\/span><\/p>\t\t\t\t\t\t<\/div>\n\t\t\t\t<\/div>\n\t\t\t\t\t<\/div>\n\t\t\t\t<\/div>\n\t\t\t\t\t<\/div>\n\t\t\t\t<\/div>\n\t\t\t\t\t\t\t<\/div>\n\t\t","protected":false},"excerpt":{"rendered":"<p>Podpora va\u0161eho podnik\u00e1n\u00ed Nab\u00edz\u00edme komplexn\u00ed slu\u017eby na podporu na\u0161ich z\u00e1kazn\u00edk\u016f. \u0160kolen\u00ed Na\u0161i specialist\u00e9 provedou \u0161kolen\u00ed komor p\u0159\u00edmo u v\u00e1s. M\u016f\u017eete se tak\u00e9 spolehnout na pomoc s marketingem Pod\u00edvejte se na Slu\u017eba Na\u0161i servisn\u00ed technici nainstaluj\u00ed komoru na va\u0161em pracovi\u0161ti a provedou testy. V p\u0159\u00edpad\u011b pot\u0159eby k v\u00e1m p\u0159ijedou a provedou kontroly. Pod\u00edvejte se na Financov\u00e1n\u00ed [&hellip;]<\/p>\n","protected":false},"author":1,"featured_media":0,"parent":0,"menu_order":0,"comment_status":"closed","ping_status":"closed","template":"elementor_header_footer","meta":{"_acf_changed":false,"inline_featured_image":false,"footnotes":""},"class_list":["post-5653","page","type-page","status-publish","hentry"],"acf":[],"yoast_head":"<!-- This site is optimized with the Yoast SEO plugin v22.4 - https:\/\/yoast.com\/wordpress\/plugins\/seo\/ -->\n<title>Podpora - Oxymatic<\/title>\n<meta name=\"robots\" content=\"index, follow, max-snippet:-1, max-image-preview:large, max-video-preview:-1\" \/>\n<link rel=\"canonical\" href=\"https:\/\/oxymatic.lobostudio.pl\/en\/wsparcie\/\" \/>\n<meta property=\"og:locale\" content=\"cs_CZ\" \/>\n<meta property=\"og:type\" content=\"article\" \/>\n<meta property=\"og:title\" content=\"Podpora - Oxymatic\" \/>\n<meta property=\"og:description\" content=\"Podpora va\u0161eho podnik\u00e1n\u00ed Nab\u00edz\u00edme komplexn\u00ed slu\u017eby na podporu na\u0161ich z\u00e1kazn\u00edk\u016f. \u0160kolen\u00ed Na\u0161i specialist\u00e9 provedou \u0161kolen\u00ed komor p\u0159\u00edmo u v\u00e1s. M\u016f\u017eete se tak\u00e9 spolehnout na pomoc s marketingem Pod\u00edvejte se na Slu\u017eba Na\u0161i servisn\u00ed technici nainstaluj\u00ed komoru na va\u0161em pracovi\u0161ti a provedou testy. V p\u0159\u00edpad\u011b pot\u0159eby k v\u00e1m p\u0159ijedou a provedou kontroly. Pod\u00edvejte se na Financov\u00e1n\u00ed [&hellip;]\" \/>\n<meta property=\"og:url\" content=\"https:\/\/oxymatic.lobostudio.pl\/en\/wsparcie\/\" \/>\n<meta property=\"og:site_name\" content=\"Oxymatic\" \/>\n<meta property=\"article:publisher\" content=\"https:\/\/www.facebook.com\/p\/Oxymatic-61558663586440\/\" \/>\n<meta property=\"article:modified_time\" content=\"2025-09-17T12:02:50+00:00\" \/>\n<meta property=\"og:image\" content=\"https:\/\/oxymatic.lobostudio.pl\/wp-content\/uploads\/2024\/02\/szkolenie-white.svg\" \/>\n<meta name=\"twitter:card\" content=\"summary_large_image\" \/>\n<meta name=\"twitter:label1\" content=\"Odhadovan\u00e1 doba \u010dten\u00ed\" \/>\n\t<meta name=\"twitter:data1\" content=\"2 minuty\" \/>\n<script type=\"application\/ld+json\" class=\"yoast-schema-graph\">{\"@context\":\"https:\/\/schema.org\",\"@graph\":[{\"@type\":\"WebPage\",\"@id\":\"https:\/\/oxymatic.lobostudio.pl\/en\/wsparcie\/\",\"url\":\"https:\/\/oxymatic.lobostudio.pl\/en\/wsparcie\/\",\"name\":\"Podpora - Oxymatic\",\"isPartOf\":{\"@id\":\"https:\/\/www.oxymatic.lobostudio.pl\/en\/#website\"},\"primaryImageOfPage\":{\"@id\":\"https:\/\/oxymatic.lobostudio.pl\/en\/wsparcie\/#primaryimage\"},\"image\":{\"@id\":\"https:\/\/oxymatic.lobostudio.pl\/en\/wsparcie\/#primaryimage\"},\"thumbnailUrl\":\"https:\/\/oxymatic.lobostudio.pl\/wp-content\/uploads\/2024\/02\/szkolenie-white.svg\",\"datePublished\":\"2024-04-10T06:57:33+00:00\",\"dateModified\":\"2025-09-17T12:02:50+00:00\",\"breadcrumb\":{\"@id\":\"https:\/\/oxymatic.lobostudio.pl\/en\/wsparcie\/#breadcrumb\"},\"inLanguage\":\"cs\",\"potentialAction\":[{\"@type\":\"ReadAction\",\"target\":[\"https:\/\/oxymatic.lobostudio.pl\/en\/wsparcie\/\"]}]},{\"@type\":\"ImageObject\",\"inLanguage\":\"cs\",\"@id\":\"https:\/\/oxymatic.lobostudio.pl\/en\/wsparcie\/#primaryimage\",\"url\":\"https:\/\/oxymatic.lobostudio.pl\/wp-content\/uploads\/2024\/02\/szkolenie-white.svg\",\"contentUrl\":\"https:\/\/oxymatic.lobostudio.pl\/wp-content\/uploads\/2024\/02\/szkolenie-white.svg\"},{\"@type\":\"BreadcrumbList\",\"@id\":\"https:\/\/oxymatic.lobostudio.pl\/en\/wsparcie\/#breadcrumb\",\"itemListElement\":[{\"@type\":\"ListItem\",\"position\":1,\"name\":\"Home\",\"item\":\"https:\/\/oxymatic.lobostudio.pl\/cs\/\"},{\"@type\":\"ListItem\",\"position\":2,\"name\":\"Podpora\"}]},{\"@type\":\"WebSite\",\"@id\":\"https:\/\/www.oxymatic.lobostudio.pl\/en\/#website\",\"url\":\"https:\/\/www.oxymatic.lobostudio.pl\/en\/\",\"name\":\"Oxymatic - komory hiperbaryczne\",\"description\":\"komory hiperbaryczne mHBOT\",\"publisher\":{\"@id\":\"https:\/\/www.oxymatic.lobostudio.pl\/en\/#organization\"},\"potentialAction\":[{\"@type\":\"SearchAction\",\"target\":{\"@type\":\"EntryPoint\",\"urlTemplate\":\"https:\/\/www.oxymatic.lobostudio.pl\/en\/?s={search_term_string}\"},\"query-input\":\"required name=search_term_string\"}],\"inLanguage\":\"cs\"},{\"@type\":\"Organization\",\"@id\":\"https:\/\/www.oxymatic.lobostudio.pl\/en\/#organization\",\"name\":\"Oxymatic\",\"url\":\"https:\/\/www.oxymatic.lobostudio.pl\/en\/\",\"logo\":{\"@type\":\"ImageObject\",\"inLanguage\":\"cs\",\"@id\":\"https:\/\/www.oxymatic.lobostudio.pl\/en\/#\/schema\/logo\/image\/\",\"url\":\"https:\/\/oxymatic.lobostudio.pl\/wp-content\/uploads\/2023\/12\/Oxymatic-logo-green-1.svg\",\"contentUrl\":\"https:\/\/oxymatic.lobostudio.pl\/wp-content\/uploads\/2023\/12\/Oxymatic-logo-green-1.svg\",\"width\":195,\"height\":43,\"caption\":\"Oxymatic\"},\"image\":{\"@id\":\"https:\/\/www.oxymatic.lobostudio.pl\/en\/#\/schema\/logo\/image\/\"},\"sameAs\":[\"https:\/\/www.facebook.com\/p\/Oxymatic-61558663586440\/\"]}]}<\/script>\n<!-- \/ Yoast SEO plugin. -->","yoast_head_json":{"title":"Podpora - Oxymatic","robots":{"index":"index","follow":"follow","max-snippet":"max-snippet:-1","max-image-preview":"max-image-preview:large","max-video-preview":"max-video-preview:-1"},"canonical":"https:\/\/oxymatic.lobostudio.pl\/en\/wsparcie\/","og_locale":"cs_CZ","og_type":"article","og_title":"Podpora - Oxymatic","og_description":"Podpora va\u0161eho podnik\u00e1n\u00ed Nab\u00edz\u00edme komplexn\u00ed slu\u017eby na podporu na\u0161ich z\u00e1kazn\u00edk\u016f. \u0160kolen\u00ed Na\u0161i specialist\u00e9 provedou \u0161kolen\u00ed komor p\u0159\u00edmo u v\u00e1s. M\u016f\u017eete se tak\u00e9 spolehnout na pomoc s marketingem Pod\u00edvejte se na Slu\u017eba Na\u0161i servisn\u00ed technici nainstaluj\u00ed komoru na va\u0161em pracovi\u0161ti a provedou testy. V p\u0159\u00edpad\u011b pot\u0159eby k v\u00e1m p\u0159ijedou a provedou kontroly. Pod\u00edvejte se na Financov\u00e1n\u00ed [&hellip;]","og_url":"https:\/\/oxymatic.lobostudio.pl\/en\/wsparcie\/","og_site_name":"Oxymatic","article_publisher":"https:\/\/www.facebook.com\/p\/Oxymatic-61558663586440\/","article_modified_time":"2025-09-17T12:02:50+00:00","og_image":[{"url":"https:\/\/oxymatic.lobostudio.pl\/wp-content\/uploads\/2024\/02\/szkolenie-white.svg"}],"twitter_card":"summary_large_image","twitter_misc":{"Odhadovan\u00e1 doba \u010dten\u00ed":"2 minuty"},"schema":{"@context":"https:\/\/schema.org","@graph":[{"@type":"WebPage","@id":"https:\/\/oxymatic.lobostudio.pl\/en\/wsparcie\/","url":"https:\/\/oxymatic.lobostudio.pl\/en\/wsparcie\/","name":"Podpora - Oxymatic","isPartOf":{"@id":"https:\/\/www.oxymatic.lobostudio.pl\/en\/#website"},"primaryImageOfPage":{"@id":"https:\/\/oxymatic.lobostudio.pl\/en\/wsparcie\/#primaryimage"},"image":{"@id":"https:\/\/oxymatic.lobostudio.pl\/en\/wsparcie\/#primaryimage"},"thumbnailUrl":"https:\/\/oxymatic.lobostudio.pl\/wp-content\/uploads\/2024\/02\/szkolenie-white.svg","datePublished":"2024-04-10T06:57:33+00:00","dateModified":"2025-09-17T12:02:50+00:00","breadcrumb":{"@id":"https:\/\/oxymatic.lobostudio.pl\/en\/wsparcie\/#breadcrumb"},"inLanguage":"cs","potentialAction":[{"@type":"ReadAction","target":["https:\/\/oxymatic.lobostudio.pl\/en\/wsparcie\/"]}]},{"@type":"ImageObject","inLanguage":"cs","@id":"https:\/\/oxymatic.lobostudio.pl\/en\/wsparcie\/#primaryimage","url":"https:\/\/oxymatic.lobostudio.pl\/wp-content\/uploads\/2024\/02\/szkolenie-white.svg","contentUrl":"https:\/\/oxymatic.lobostudio.pl\/wp-content\/uploads\/2024\/02\/szkolenie-white.svg"},{"@type":"BreadcrumbList","@id":"https:\/\/oxymatic.lobostudio.pl\/en\/wsparcie\/#breadcrumb","itemListElement":[{"@type":"ListItem","position":1,"name":"Home","item":"https:\/\/oxymatic.lobostudio.pl\/cs\/"},{"@type":"ListItem","position":2,"name":"Podpora"}]},{"@type":"WebSite","@id":"https:\/\/www.oxymatic.lobostudio.pl\/en\/#website","url":"https:\/\/www.oxymatic.lobostudio.pl\/en\/","name":"Oxymatic - komory hiperbaryczne","description":"komory hiperbaryczne mHBOT","publisher":{"@id":"https:\/\/www.oxymatic.lobostudio.pl\/en\/#organization"},"potentialAction":[{"@type":"SearchAction","target":{"@type":"EntryPoint","urlTemplate":"https:\/\/www.oxymatic.lobostudio.pl\/en\/?s={search_term_string}"},"query-input":"required name=search_term_string"}],"inLanguage":"cs"},{"@type":"Organization","@id":"https:\/\/www.oxymatic.lobostudio.pl\/en\/#organization","name":"Oxymatic","url":"https:\/\/www.oxymatic.lobostudio.pl\/en\/","logo":{"@type":"ImageObject","inLanguage":"cs","@id":"https:\/\/www.oxymatic.lobostudio.pl\/en\/#\/schema\/logo\/image\/","url":"https:\/\/oxymatic.lobostudio.pl\/wp-content\/uploads\/2023\/12\/Oxymatic-logo-green-1.svg","contentUrl":"https:\/\/oxymatic.lobostudio.pl\/wp-content\/uploads\/2023\/12\/Oxymatic-logo-green-1.svg","width":195,"height":43,"caption":"Oxymatic"},"image":{"@id":"https:\/\/www.oxymatic.lobostudio.pl\/en\/#\/schema\/logo\/image\/"},"sameAs":["https:\/\/www.facebook.com\/p\/Oxymatic-61558663586440\/"]}]}},"_links":{"self":[{"href":"https:\/\/www.oxymatic.lobostudio.pl\/cs\/wp-json\/wp\/v2\/pages\/5653","targetHints":{"allow":["GET"]}}],"collection":[{"href":"https:\/\/www.oxymatic.lobostudio.pl\/cs\/wp-json\/wp\/v2\/pages"}],"about":[{"href":"https:\/\/www.oxymatic.lobostudio.pl\/cs\/wp-json\/wp\/v2\/types\/page"}],"author":[{"embeddable":true,"href":"https:\/\/www.oxymatic.lobostudio.pl\/cs\/wp-json\/wp\/v2\/users\/1"}],"replies":[{"embeddable":true,"href":"https:\/\/www.oxymatic.lobostudio.pl\/cs\/wp-json\/wp\/v2\/comments?post=5653"}],"version-history":[{"count":1,"href":"https:\/\/www.oxymatic.lobostudio.pl\/cs\/wp-json\/wp\/v2\/pages\/5653\/revisions"}],"predecessor-version":[{"id":5654,"href":"https:\/\/www.oxymatic.lobostudio.pl\/cs\/wp-json\/wp\/v2\/pages\/5653\/revisions\/5654"}],"wp:attachment":[{"href":"https:\/\/www.oxymatic.lobostudio.pl\/cs\/wp-json\/wp\/v2\/media?parent=5653"}],"curies":[{"name":"wp","href":"https:\/\/api.w.org\/{rel}","templated":true}]}}