{"id":5659,"date":"2024-03-29T16:26:10","date_gmt":"2024-03-29T16:26:10","guid":{"rendered":"https:\/\/oxymatic.lobostudio.pl\/financovani\/"},"modified":"2025-09-17T12:10:01","modified_gmt":"2025-09-17T12:10:01","slug":"financovani","status":"publish","type":"page","link":"https:\/\/www.oxymatic.lobostudio.pl\/cs\/financovani\/","title":{"rendered":"Financov\u00e1n\u00ed"},"content":{"rendered":"\t\t<div data-elementor-type=\"wp-page\" data-elementor-id=\"5659\" class=\"elementor elementor-5659 elementor-979\" data-elementor-post-type=\"page\">\n\t\t\t\t\t\t\t<div class=\"elementor-element elementor-element-c2e1d3e e-flex e-con-boxed e-con e-child\" data-id=\"c2e1d3e\" data-element_type=\"container\" data-settings=\"{&quot;background_background&quot;:&quot;classic&quot;,&quot;shape_divider_bottom&quot;:&quot;mountains&quot;,&quot;container_type&quot;:&quot;flex&quot;,&quot;content_width&quot;:&quot;boxed&quot;}\">\n\t\t\t\t\t<div class=\"e-con-inner\">\n\t\t\t\t<div class=\"elementor-shape elementor-shape-bottom\" data-negative=\"false\">\n\t\t\t<svg xmlns=\"http:\/\/www.w3.org\/2000\/svg\" viewBox=\"0 0 1000 100\" preserveAspectRatio=\"none\">\n\t<path class=\"elementor-shape-fill\" opacity=\"0.33\" d=\"M473,67.3c-203.9,88.3-263.1-34-320.3,0C66,119.1,0,59.7,0,59.7V0h1000v59.7 c0,0-62.1,26.1-94.9,29.3c-32.8,3.3-62.8-12.3-75.8-22.1C806,49.6,745.3,8.7,694.9,4.7S492.4,59,473,67.3z\"\/>\n\t<path class=\"elementor-shape-fill\" opacity=\"0.66\" d=\"M734,67.3c-45.5,0-77.2-23.2-129.1-39.1c-28.6-8.7-150.3-10.1-254,39.1 s-91.7-34.4-149.2,0C115.7,118.3,0,39.8,0,39.8V0h1000v36.5c0,0-28.2-18.5-92.1-18.5C810.2,18.1,775.7,67.3,734,67.3z\"\/>\n\t<path class=\"elementor-shape-fill\" d=\"M766.1,28.9c-200-57.5-266,65.5-395.1,19.5C242,1.8,242,5.4,184.8,20.6C128,35.8,132.3,44.9,89.9,52.5C28.6,63.7,0,0,0,0 h1000c0,0-9.9,40.9-83.6,48.1S829.6,47,766.1,28.9z\"\/>\n<\/svg>\t\t<\/div>\n\t\t\t\t<div class=\"elementor-element elementor-element-d43897f elementor-absolute elementor-widget__width-initial elementor-invisible elementor-widget elementor-widget-heading\" data-id=\"d43897f\" data-element_type=\"widget\" data-settings=\"{&quot;_position&quot;:&quot;absolute&quot;,&quot;motion_fx_motion_fx_scrolling&quot;:&quot;yes&quot;,&quot;motion_fx_translateY_effect&quot;:&quot;yes&quot;,&quot;_animation&quot;:&quot;fadeIn&quot;,&quot;_animation_delay&quot;:500,&quot;motion_fx_translateY_speed&quot;:{&quot;unit&quot;:&quot;px&quot;,&quot;size&quot;:4,&quot;sizes&quot;:[]},&quot;motion_fx_translateY_affectedRange&quot;:{&quot;unit&quot;:&quot;%&quot;,&quot;size&quot;:&quot;&quot;,&quot;sizes&quot;:{&quot;start&quot;:0,&quot;end&quot;:100}},&quot;motion_fx_devices&quot;:[&quot;desktop&quot;,&quot;tablet&quot;,&quot;mobile&quot;]}\" data-widget_type=\"heading.default\">\n\t\t\t\t<div class=\"elementor-widget-container\">\n\t\t\t<style>\/*! elementor - v3.17.0 - 08-11-2023 *\/\n.elementor-heading-title{padding:0;margin:0;line-height:1}.elementor-widget-heading .elementor-heading-title[class*=elementor-size-]>a{color:inherit;font-size:inherit;line-height:inherit}.elementor-widget-heading .elementor-heading-title.elementor-size-small{font-size:15px}.elementor-widget-heading .elementor-heading-title.elementor-size-medium{font-size:19px}.elementor-widget-heading .elementor-heading-title.elementor-size-large{font-size:29px}.elementor-widget-heading .elementor-heading-title.elementor-size-xl{font-size:39px}.elementor-widget-heading .elementor-heading-title.elementor-size-xxl{font-size:59px}<\/style><h2 class=\"elementor-heading-title elementor-size-default\">Financov\u00e1n\u00ed<\/h2>\t\t<\/div>\n\t\t\t\t<\/div>\n\t\t<div class=\"elementor-element elementor-element-f64b93c e-con-full e-flex elementor-invisible e-con e-child\" data-id=\"f64b93c\" data-element_type=\"container\" data-settings=\"{&quot;content_width&quot;:&quot;full&quot;,&quot;background_background&quot;:&quot;classic&quot;,&quot;animation&quot;:&quot;fadeInRight&quot;,&quot;container_type&quot;:&quot;flex&quot;}\">\n\t\t\t\t<div class=\"elementor-element elementor-element-d9d513f elementor-widget elementor-widget-heading\" data-id=\"d9d513f\" data-element_type=\"widget\" data-settings=\"{&quot;_animation&quot;:&quot;none&quot;}\" data-widget_type=\"heading.default\">\n\t\t\t\t<div class=\"elementor-widget-container\">\n\t\t\t<h2 class=\"elementor-heading-title elementor-size-default\">Financov\u00e1n\u00ed<\/h2>\t\t<\/div>\n\t\t\t\t<\/div>\n\t\t\t\t<div class=\"elementor-element elementor-element-3e575c2 elementor-widget__width-initial elementor-widget elementor-widget-text-editor\" data-id=\"3e575c2\" data-element_type=\"widget\" data-widget_type=\"text-editor.default\">\n\t\t\t\t<div class=\"elementor-widget-container\">\n\t\t\t<style>\/*! elementor - v3.17.0 - 08-11-2023 *\/\n.elementor-widget-text-editor.elementor-drop-cap-view-stacked .elementor-drop-cap{background-color:#69727d;color:#fff}.elementor-widget-text-editor.elementor-drop-cap-view-framed .elementor-drop-cap{color:#69727d;border:3px solid;background-color:transparent}.elementor-widget-text-editor:not(.elementor-drop-cap-view-default) .elementor-drop-cap{margin-top:8px}.elementor-widget-text-editor:not(.elementor-drop-cap-view-default) .elementor-drop-cap-letter{width:1em;height:1em}.elementor-widget-text-editor .elementor-drop-cap{float:left;text-align:center;line-height:1;font-size:50px}.elementor-widget-text-editor .elementor-drop-cap-letter{display:inline-block}<\/style>\t\t\t\t<h3><b>Na\u0161i poradci v\u00e1m r\u00e1di pomohou vybrat nejv\u00fdhodn\u011bj\u0161\u00ed mo\u017enost financov\u00e1n\u00ed n\u00e1kupu va\u0161\u00ed komory.<\/b><\/h3>\t\t\t\t\t\t<\/div>\n\t\t\t\t<\/div>\n\t\t\t\t<div class=\"elementor-element elementor-element-57b59e6 elementor-widget__width-initial elementor-widget elementor-widget-text-editor\" data-id=\"57b59e6\" data-element_type=\"widget\" data-widget_type=\"text-editor.default\">\n\t\t\t\t<div class=\"elementor-widget-container\">\n\t\t\t\t\t\t\t<p>V Oxymatic\u00ae nab\u00edz\u00edme flexibiln\u00ed mo\u017enosti financov\u00e1n\u00ed pro klienty, kte\u0159\u00ed maj\u00ed z\u00e1jem investovat do hyperbarick\u00e9 komory, v\u010detn\u011b n\u00e1kupu na spl\u00e1tky \u010di leasingu, p\u0159izp\u016fsoben\u00fdch individu\u00e1ln\u00edm pot\u0159eb\u00e1m a preferenc\u00edm klient\u016f. T\u00fdm odborn\u00edk\u016f spole\u010dnosti poskytuje podporu p\u0159i procesu z\u00edsk\u00e1v\u00e1n\u00ed financov\u00e1n\u00ed a spolupracuje s r\u016fzn\u00fdmi finan\u010dn\u00edmi institucemi, aby pomohl vybrat nejlep\u0161\u00ed nab\u00eddku. C\u00edlem Oxymatic\u00ae je umo\u017enit klient\u016fm vyu\u017e\u00edvat v\u00fdhod hyperbarick\u00e9 terapie bez finan\u010dn\u00ed z\u00e1t\u011b\u017ee.  <\/p>\t\t\t\t\t\t<\/div>\n\t\t\t\t<\/div>\n\t\t\t\t<\/div>\n\t\t\t\t<div class=\"elementor-element elementor-element-f7acdc2 elementor-widget__width-initial elementor-widget-tablet__width-initial elementor-absolute elementor-invisible elementor-widget elementor-widget-image\" data-id=\"f7acdc2\" data-element_type=\"widget\" data-settings=\"{&quot;_position&quot;:&quot;absolute&quot;,&quot;_animation&quot;:&quot;fadeIn&quot;}\" data-widget_type=\"image.default\">\n\t\t\t\t<div class=\"elementor-widget-container\">\n\t\t\t<style>\/*! elementor - v3.17.0 - 08-11-2023 *\/\n.elementor-widget-image{text-align:center}.elementor-widget-image a{display:inline-block}.elementor-widget-image a img[src$=\".svg\"]{width:48px}.elementor-widget-image img{vertical-align:middle;display:inline-block}<\/style>\t\t\t\t\t\t\t\t\t\t\t\t<img fetchpriority=\"high\" decoding=\"async\" width=\"800\" height=\"534\" src=\"https:\/\/oxymatic.lobostudio.pl\/wp-content\/uploads\/2024\/02\/finansowanie-1024x683.webp\" class=\"attachment-large size-large wp-image-5552\" alt=\"\" srcset=\"https:\/\/oxymatic.lobostudio.pl\/wp-content\/uploads\/2024\/02\/finansowanie-1024x683.webp 1024w, https:\/\/oxymatic.lobostudio.pl\/wp-content\/uploads\/2024\/02\/finansowanie-300x200.webp 300w, https:\/\/oxymatic.lobostudio.pl\/wp-content\/uploads\/2024\/02\/finansowanie-768x512.webp 768w, https:\/\/oxymatic.lobostudio.pl\/wp-content\/uploads\/2024\/02\/finansowanie-1536x1024.webp 1536w, https:\/\/oxymatic.lobostudio.pl\/wp-content\/uploads\/2024\/02\/finansowanie.webp 1920w\" sizes=\"(max-width: 800px) 100vw, 800px\" \/>\t\t\t\t\t\t\t\t\t\t\t\t\t\t\t<\/div>\n\t\t\t\t<\/div>\n\t\t\t\t\t<\/div>\n\t\t\t\t<\/div>\n\t\t<div class=\"elementor-element elementor-element-3a85399 e-flex e-con-boxed e-con e-child\" data-id=\"3a85399\" data-element_type=\"container\" data-settings=\"{&quot;background_background&quot;:&quot;classic&quot;,&quot;container_type&quot;:&quot;flex&quot;,&quot;content_width&quot;:&quot;boxed&quot;}\">\n\t\t\t\t\t<div class=\"e-con-inner\">\n\t\t<div class=\"elementor-element elementor-element-b2c98a6 e-flex e-con-boxed e-con e-child\" data-id=\"b2c98a6\" data-element_type=\"container\" data-settings=\"{&quot;background_background&quot;:&quot;classic&quot;,&quot;container_type&quot;:&quot;flex&quot;,&quot;content_width&quot;:&quot;boxed&quot;}\">\n\t\t\t\t\t<div class=\"e-con-inner\">\n\t\t\t\t<div class=\"elementor-element elementor-element-0c1a7d6 elementor-widget elementor-widget-heading\" data-id=\"0c1a7d6\" data-element_type=\"widget\" data-widget_type=\"heading.default\">\n\t\t\t\t<div class=\"elementor-widget-container\">\n\t\t\t<h2 class=\"elementor-heading-title elementor-size-default\">Flexibiln\u00ed mo\u017enosti financov\u00e1n\u00ed v Oxymatic<sup>\u00ae <\/h2>\t\t<\/div>\n\t\t\t\t<\/div>\n\t\t\t\t<div class=\"elementor-element elementor-element-303292f elementor-widget elementor-widget-text-editor\" data-id=\"303292f\" data-element_type=\"widget\" data-widget_type=\"text-editor.default\">\n\t\t\t\t<div class=\"elementor-widget-container\">\n\t\t\t\t\t\t\t<p align=\"justify\">V Oxymatic\u00ae ch\u00e1peme, \u017ee investice do hyperbarick\u00e9 komory je d\u016fle\u017eit\u00fdm rozhodnut\u00edm. Abychom v\u00e1m tento proces usnadnili, nab\u00edz\u00edme flexibiln\u00ed mo\u017enosti financov\u00e1n\u00ed. Na\u0161\u00edm c\u00edlem je, abyste mohli vyu\u017e\u00edvat v\u00fdhod hyperbarick\u00e9 oxygenoterapie bez ohledu na va\u0161e individu\u00e1ln\u00ed finan\u010dn\u00ed mo\u017enosti. <\/p>\t\t\t\t\t\t<\/div>\n\t\t\t\t<\/div>\n\t\t\t\t\t<\/div>\n\t\t\t\t<\/div>\n\t\t<div class=\"elementor-element elementor-element-d749fd8 e-flex e-con-boxed e-con e-child\" data-id=\"d749fd8\" data-element_type=\"container\" data-settings=\"{&quot;background_background&quot;:&quot;classic&quot;,&quot;container_type&quot;:&quot;flex&quot;,&quot;content_width&quot;:&quot;boxed&quot;}\">\n\t\t\t\t\t<div class=\"e-con-inner\">\n\t\t\t\t<div class=\"elementor-element elementor-element-a27968a elementor-widget elementor-widget-heading\" data-id=\"a27968a\" data-element_type=\"widget\" data-widget_type=\"heading.default\">\n\t\t\t\t<div class=\"elementor-widget-container\">\n\t\t\t<h2 class=\"elementor-heading-title elementor-size-default\">N\u00e1kup na spl\u00e1tky a leasing \u2013 p\u0159izp\u016fsoben\u00e9 va\u0161im pot\u0159eb\u00e1m<\/h2>\t\t<\/div>\n\t\t\t\t<\/div>\n\t\t\t\t<div class=\"elementor-element elementor-element-bfbdbb9 elementor-widget elementor-widget-text-editor\" data-id=\"bfbdbb9\" data-element_type=\"widget\" data-widget_type=\"text-editor.default\">\n\t\t\t\t<div class=\"elementor-widget-container\">\n\t\t\t\t\t\t\t<p align=\"justify\">Nab\u00edz\u00edme r\u016fzn\u00e9 mo\u017enosti financov\u00e1n\u00ed, v\u010detn\u011b n\u00e1kupu na spl\u00e1tky a leasingu. Ch\u00e1peme, \u017ee ka\u017ed\u00fd klient m\u00e1 jedine\u010dn\u00e9 pot\u0159eby a preference, proto spolupracujeme s d\u016fv\u011bryhodn\u00fdmi finan\u010dn\u00edmi partnery, abychom v\u00e1m pomohli naj\u00edt nejv\u00fdhodn\u011bj\u0161\u00ed formu financov\u00e1n\u00ed. Na\u0161e podpora nekon\u010d\u00ed prodejem za\u0159\u00edzen\u00ed \u2013 jsme tu, abychom v\u00e1s podporovali v ka\u017ed\u00e9 f\u00e1zi procesu n\u00e1kupu.  <\/p>\t\t\t\t\t\t<\/div>\n\t\t\t\t<\/div>\n\t\t\t\t\t<\/div>\n\t\t\t\t<\/div>\n\t\t<div class=\"elementor-element elementor-element-7a7d683 e-flex e-con-boxed e-con e-child\" data-id=\"7a7d683\" data-element_type=\"container\" data-settings=\"{&quot;background_background&quot;:&quot;classic&quot;,&quot;container_type&quot;:&quot;flex&quot;,&quot;content_width&quot;:&quot;boxed&quot;}\">\n\t\t\t\t\t<div class=\"e-con-inner\">\n\t\t\t\t<div class=\"elementor-element elementor-element-9eb9ee7 elementor-widget elementor-widget-heading\" data-id=\"9eb9ee7\" data-element_type=\"widget\" data-widget_type=\"heading.default\">\n\t\t\t\t<div class=\"elementor-widget-container\">\n\t\t\t<h2 class=\"elementor-heading-title elementor-size-default\">Pomoc p\u0159i z\u00edsk\u00e1n\u00ed financov\u00e1n\u00ed<\/h2>\t\t<\/div>\n\t\t\t\t<\/div>\n\t\t\t\t<div class=\"elementor-element elementor-element-69183f1 elementor-widget elementor-widget-text-editor\" data-id=\"69183f1\" data-element_type=\"widget\" data-widget_type=\"text-editor.default\">\n\t\t\t\t<div class=\"elementor-widget-container\">\n\t\t\t\t\t\t\t<p align=\"justify\">N\u00e1\u0161 t\u00fdm odborn\u00edk\u016f v\u00e1m pom\u016f\u017ee proj\u00edt cel\u00fd proces z\u00edsk\u00e1v\u00e1n\u00ed financov\u00e1n\u00ed, a\u0165 u\u017e prost\u0159ednictv\u00edm spl\u00e1tek, nebo leasingu. Spolupracujeme s r\u016fzn\u00fdmi finan\u010dn\u00edmi institucemi, abychom v\u00e1m zajistili p\u0159\u00edstup k t\u011bm nejlep\u0161\u00edm dostupn\u00fdm nab\u00eddk\u00e1m. Na\u0161\u00edm c\u00edlem je usnadnit v\u00e1m rozhodnut\u00ed a zajistit, aby cel\u00fd proces prob\u011bhl hladce a bez komplikac\u00ed.  <\/p>\t\t\t\t\t\t<\/div>\n\t\t\t\t<\/div>\n\t\t\t\t\t<\/div>\n\t\t\t\t<\/div>\n\t\t<div class=\"elementor-element elementor-element-e5bde26 e-flex e-con-boxed e-con e-child\" data-id=\"e5bde26\" data-element_type=\"container\" data-settings=\"{&quot;background_background&quot;:&quot;classic&quot;,&quot;container_type&quot;:&quot;flex&quot;,&quot;content_width&quot;:&quot;boxed&quot;}\">\n\t\t\t\t\t<div class=\"e-con-inner\">\n\t\t\t\t<div class=\"elementor-element elementor-element-c2f91b3 elementor-widget elementor-widget-text-editor\" data-id=\"c2f91b3\" data-element_type=\"widget\" data-widget_type=\"text-editor.default\">\n\t\t\t\t<div class=\"elementor-widget-container\">\n\t\t\t\t\t\t\t<h4 style=\"line-height: 108%; margin-bottom: 0.28cm;\" align=\"justify\">V\u00fdb\u011br spr\u00e1vn\u00e9 mo\u017enosti financov\u00e1n\u00ed je kl\u00ed\u010dov\u00fdm krokem na cest\u011b k vyu\u017e\u00edv\u00e1n\u00ed hyperbarick\u00e9 terapie. V Oxymatic\u00ae se zavazujeme pomoci v\u00e1m naj\u00edt nejlep\u0161\u00ed \u0159e\u0161en\u00ed, kter\u00e9 v\u00e1m umo\u017en\u00ed t\u011b\u0161it se z v\u00fdhod na\u0161ich hyperbarick\u00fdch komor bez finan\u010dn\u00ed z\u00e1t\u011b\u017ee. <\/h4>\t\t\t\t\t\t<\/div>\n\t\t\t\t<\/div>\n\t\t\t\t\t<\/div>\n\t\t\t\t<\/div>\n\t\t\t\t\t<\/div>\n\t\t\t\t<\/div>\n\t\t\t\t\t\t\t<\/div>\n\t\t","protected":false},"excerpt":{"rendered":"<p>Financov\u00e1n\u00ed Financov\u00e1n\u00ed Na\u0161i poradci v\u00e1m r\u00e1di pomohou vybrat nejv\u00fdhodn\u011bj\u0161\u00ed mo\u017enost financov\u00e1n\u00ed n\u00e1kupu va\u0161\u00ed komory. V Oxymatic\u00ae nab\u00edz\u00edme flexibiln\u00ed mo\u017enosti financov\u00e1n\u00ed pro klienty, kte\u0159\u00ed maj\u00ed z\u00e1jem investovat do hyperbarick\u00e9 komory, v\u010detn\u011b n\u00e1kupu na spl\u00e1tky \u010di leasingu, p\u0159izp\u016fsoben\u00fdch individu\u00e1ln\u00edm pot\u0159eb\u00e1m a preferenc\u00edm klient\u016f. T\u00fdm odborn\u00edk\u016f spole\u010dnosti poskytuje podporu p\u0159i procesu z\u00edsk\u00e1v\u00e1n\u00ed financov\u00e1n\u00ed a spolupracuje s r\u016fzn\u00fdmi finan\u010dn\u00edmi [&hellip;]<\/p>\n","protected":false},"author":1,"featured_media":0,"parent":0,"menu_order":0,"comment_status":"closed","ping_status":"closed","template":"elementor_header_footer","meta":{"_acf_changed":false,"inline_featured_image":false,"footnotes":""},"class_list":["post-5659","page","type-page","status-publish","hentry"],"acf":[],"yoast_head":"<!-- This site is optimized with the Yoast SEO plugin v22.4 - https:\/\/yoast.com\/wordpress\/plugins\/seo\/ -->\n<title>Financov\u00e1n\u00ed - Oxymatic<\/title>\n<meta name=\"robots\" content=\"index, follow, max-snippet:-1, max-image-preview:large, max-video-preview:-1\" \/>\n<link rel=\"canonical\" href=\"https:\/\/oxymatic.lobostudio.pl\/en\/financing\/\" \/>\n<meta property=\"og:locale\" content=\"cs_CZ\" \/>\n<meta property=\"og:type\" content=\"article\" \/>\n<meta property=\"og:title\" content=\"Financov\u00e1n\u00ed - Oxymatic\" \/>\n<meta property=\"og:description\" content=\"Financov\u00e1n\u00ed Financov\u00e1n\u00ed Na\u0161i poradci v\u00e1m r\u00e1di pomohou vybrat nejv\u00fdhodn\u011bj\u0161\u00ed mo\u017enost financov\u00e1n\u00ed n\u00e1kupu va\u0161\u00ed komory. V Oxymatic\u00ae nab\u00edz\u00edme flexibiln\u00ed mo\u017enosti financov\u00e1n\u00ed pro klienty, kte\u0159\u00ed maj\u00ed z\u00e1jem investovat do hyperbarick\u00e9 komory, v\u010detn\u011b n\u00e1kupu na spl\u00e1tky \u010di leasingu, p\u0159izp\u016fsoben\u00fdch individu\u00e1ln\u00edm pot\u0159eb\u00e1m a preferenc\u00edm klient\u016f. T\u00fdm odborn\u00edk\u016f spole\u010dnosti poskytuje podporu p\u0159i procesu z\u00edsk\u00e1v\u00e1n\u00ed financov\u00e1n\u00ed a spolupracuje s r\u016fzn\u00fdmi finan\u010dn\u00edmi [&hellip;]\" \/>\n<meta property=\"og:url\" content=\"https:\/\/oxymatic.lobostudio.pl\/en\/financing\/\" \/>\n<meta property=\"og:site_name\" content=\"Oxymatic\" \/>\n<meta property=\"article:publisher\" content=\"https:\/\/www.facebook.com\/p\/Oxymatic-61558663586440\/\" \/>\n<meta property=\"article:modified_time\" content=\"2025-09-17T12:10:01+00:00\" \/>\n<meta property=\"og:image\" content=\"https:\/\/oxymatic.lobostudio.pl\/wp-content\/uploads\/2024\/02\/finansowanie-1024x683.webp\" \/>\n<meta name=\"twitter:card\" content=\"summary_large_image\" \/>\n<meta name=\"twitter:label1\" content=\"Odhadovan\u00e1 doba \u010dten\u00ed\" \/>\n\t<meta name=\"twitter:data1\" content=\"2 minuty\" \/>\n<script type=\"application\/ld+json\" class=\"yoast-schema-graph\">{\"@context\":\"https:\/\/schema.org\",\"@graph\":[{\"@type\":\"WebPage\",\"@id\":\"https:\/\/oxymatic.lobostudio.pl\/en\/financing\/\",\"url\":\"https:\/\/oxymatic.lobostudio.pl\/en\/financing\/\",\"name\":\"Financov\u00e1n\u00ed - Oxymatic\",\"isPartOf\":{\"@id\":\"https:\/\/www.oxymatic.lobostudio.pl\/en\/#website\"},\"primaryImageOfPage\":{\"@id\":\"https:\/\/oxymatic.lobostudio.pl\/en\/financing\/#primaryimage\"},\"image\":{\"@id\":\"https:\/\/oxymatic.lobostudio.pl\/en\/financing\/#primaryimage\"},\"thumbnailUrl\":\"https:\/\/oxymatic.lobostudio.pl\/wp-content\/uploads\/2024\/02\/finansowanie-1024x683.webp\",\"datePublished\":\"2024-03-29T16:26:10+00:00\",\"dateModified\":\"2025-09-17T12:10:01+00:00\",\"breadcrumb\":{\"@id\":\"https:\/\/oxymatic.lobostudio.pl\/en\/financing\/#breadcrumb\"},\"inLanguage\":\"cs\",\"potentialAction\":[{\"@type\":\"ReadAction\",\"target\":[\"https:\/\/oxymatic.lobostudio.pl\/en\/financing\/\"]}]},{\"@type\":\"ImageObject\",\"inLanguage\":\"cs\",\"@id\":\"https:\/\/oxymatic.lobostudio.pl\/en\/financing\/#primaryimage\",\"url\":\"https:\/\/oxymatic.lobostudio.pl\/wp-content\/uploads\/2024\/02\/finansowanie-1024x683.webp\",\"contentUrl\":\"https:\/\/oxymatic.lobostudio.pl\/wp-content\/uploads\/2024\/02\/finansowanie-1024x683.webp\"},{\"@type\":\"BreadcrumbList\",\"@id\":\"https:\/\/oxymatic.lobostudio.pl\/en\/financing\/#breadcrumb\",\"itemListElement\":[{\"@type\":\"ListItem\",\"position\":1,\"name\":\"Home\",\"item\":\"https:\/\/oxymatic.lobostudio.pl\/cs\/\"},{\"@type\":\"ListItem\",\"position\":2,\"name\":\"Financov\u00e1n\u00ed\"}]},{\"@type\":\"WebSite\",\"@id\":\"https:\/\/www.oxymatic.lobostudio.pl\/en\/#website\",\"url\":\"https:\/\/www.oxymatic.lobostudio.pl\/en\/\",\"name\":\"Oxymatic - komory hiperbaryczne\",\"description\":\"komory hiperbaryczne mHBOT\",\"publisher\":{\"@id\":\"https:\/\/www.oxymatic.lobostudio.pl\/en\/#organization\"},\"potentialAction\":[{\"@type\":\"SearchAction\",\"target\":{\"@type\":\"EntryPoint\",\"urlTemplate\":\"https:\/\/www.oxymatic.lobostudio.pl\/en\/?s={search_term_string}\"},\"query-input\":\"required name=search_term_string\"}],\"inLanguage\":\"cs\"},{\"@type\":\"Organization\",\"@id\":\"https:\/\/www.oxymatic.lobostudio.pl\/en\/#organization\",\"name\":\"Oxymatic\",\"url\":\"https:\/\/www.oxymatic.lobostudio.pl\/en\/\",\"logo\":{\"@type\":\"ImageObject\",\"inLanguage\":\"cs\",\"@id\":\"https:\/\/www.oxymatic.lobostudio.pl\/en\/#\/schema\/logo\/image\/\",\"url\":\"https:\/\/oxymatic.lobostudio.pl\/wp-content\/uploads\/2023\/12\/Oxymatic-logo-green-1.svg\",\"contentUrl\":\"https:\/\/oxymatic.lobostudio.pl\/wp-content\/uploads\/2023\/12\/Oxymatic-logo-green-1.svg\",\"width\":195,\"height\":43,\"caption\":\"Oxymatic\"},\"image\":{\"@id\":\"https:\/\/www.oxymatic.lobostudio.pl\/en\/#\/schema\/logo\/image\/\"},\"sameAs\":[\"https:\/\/www.facebook.com\/p\/Oxymatic-61558663586440\/\"]}]}<\/script>\n<!-- \/ Yoast SEO plugin. -->","yoast_head_json":{"title":"Financov\u00e1n\u00ed - Oxymatic","robots":{"index":"index","follow":"follow","max-snippet":"max-snippet:-1","max-image-preview":"max-image-preview:large","max-video-preview":"max-video-preview:-1"},"canonical":"https:\/\/oxymatic.lobostudio.pl\/en\/financing\/","og_locale":"cs_CZ","og_type":"article","og_title":"Financov\u00e1n\u00ed - Oxymatic","og_description":"Financov\u00e1n\u00ed Financov\u00e1n\u00ed Na\u0161i poradci v\u00e1m r\u00e1di pomohou vybrat nejv\u00fdhodn\u011bj\u0161\u00ed mo\u017enost financov\u00e1n\u00ed n\u00e1kupu va\u0161\u00ed komory. V Oxymatic\u00ae nab\u00edz\u00edme flexibiln\u00ed mo\u017enosti financov\u00e1n\u00ed pro klienty, kte\u0159\u00ed maj\u00ed z\u00e1jem investovat do hyperbarick\u00e9 komory, v\u010detn\u011b n\u00e1kupu na spl\u00e1tky \u010di leasingu, p\u0159izp\u016fsoben\u00fdch individu\u00e1ln\u00edm pot\u0159eb\u00e1m a preferenc\u00edm klient\u016f. T\u00fdm odborn\u00edk\u016f spole\u010dnosti poskytuje podporu p\u0159i procesu z\u00edsk\u00e1v\u00e1n\u00ed financov\u00e1n\u00ed a spolupracuje s r\u016fzn\u00fdmi finan\u010dn\u00edmi [&hellip;]","og_url":"https:\/\/oxymatic.lobostudio.pl\/en\/financing\/","og_site_name":"Oxymatic","article_publisher":"https:\/\/www.facebook.com\/p\/Oxymatic-61558663586440\/","article_modified_time":"2025-09-17T12:10:01+00:00","og_image":[{"url":"https:\/\/oxymatic.lobostudio.pl\/wp-content\/uploads\/2024\/02\/finansowanie-1024x683.webp"}],"twitter_card":"summary_large_image","twitter_misc":{"Odhadovan\u00e1 doba \u010dten\u00ed":"2 minuty"},"schema":{"@context":"https:\/\/schema.org","@graph":[{"@type":"WebPage","@id":"https:\/\/oxymatic.lobostudio.pl\/en\/financing\/","url":"https:\/\/oxymatic.lobostudio.pl\/en\/financing\/","name":"Financov\u00e1n\u00ed - Oxymatic","isPartOf":{"@id":"https:\/\/www.oxymatic.lobostudio.pl\/en\/#website"},"primaryImageOfPage":{"@id":"https:\/\/oxymatic.lobostudio.pl\/en\/financing\/#primaryimage"},"image":{"@id":"https:\/\/oxymatic.lobostudio.pl\/en\/financing\/#primaryimage"},"thumbnailUrl":"https:\/\/oxymatic.lobostudio.pl\/wp-content\/uploads\/2024\/02\/finansowanie-1024x683.webp","datePublished":"2024-03-29T16:26:10+00:00","dateModified":"2025-09-17T12:10:01+00:00","breadcrumb":{"@id":"https:\/\/oxymatic.lobostudio.pl\/en\/financing\/#breadcrumb"},"inLanguage":"cs","potentialAction":[{"@type":"ReadAction","target":["https:\/\/oxymatic.lobostudio.pl\/en\/financing\/"]}]},{"@type":"ImageObject","inLanguage":"cs","@id":"https:\/\/oxymatic.lobostudio.pl\/en\/financing\/#primaryimage","url":"https:\/\/oxymatic.lobostudio.pl\/wp-content\/uploads\/2024\/02\/finansowanie-1024x683.webp","contentUrl":"https:\/\/oxymatic.lobostudio.pl\/wp-content\/uploads\/2024\/02\/finansowanie-1024x683.webp"},{"@type":"BreadcrumbList","@id":"https:\/\/oxymatic.lobostudio.pl\/en\/financing\/#breadcrumb","itemListElement":[{"@type":"ListItem","position":1,"name":"Home","item":"https:\/\/oxymatic.lobostudio.pl\/cs\/"},{"@type":"ListItem","position":2,"name":"Financov\u00e1n\u00ed"}]},{"@type":"WebSite","@id":"https:\/\/www.oxymatic.lobostudio.pl\/en\/#website","url":"https:\/\/www.oxymatic.lobostudio.pl\/en\/","name":"Oxymatic - komory hiperbaryczne","description":"komory hiperbaryczne mHBOT","publisher":{"@id":"https:\/\/www.oxymatic.lobostudio.pl\/en\/#organization"},"potentialAction":[{"@type":"SearchAction","target":{"@type":"EntryPoint","urlTemplate":"https:\/\/www.oxymatic.lobostudio.pl\/en\/?s={search_term_string}"},"query-input":"required name=search_term_string"}],"inLanguage":"cs"},{"@type":"Organization","@id":"https:\/\/www.oxymatic.lobostudio.pl\/en\/#organization","name":"Oxymatic","url":"https:\/\/www.oxymatic.lobostudio.pl\/en\/","logo":{"@type":"ImageObject","inLanguage":"cs","@id":"https:\/\/www.oxymatic.lobostudio.pl\/en\/#\/schema\/logo\/image\/","url":"https:\/\/oxymatic.lobostudio.pl\/wp-content\/uploads\/2023\/12\/Oxymatic-logo-green-1.svg","contentUrl":"https:\/\/oxymatic.lobostudio.pl\/wp-content\/uploads\/2023\/12\/Oxymatic-logo-green-1.svg","width":195,"height":43,"caption":"Oxymatic"},"image":{"@id":"https:\/\/www.oxymatic.lobostudio.pl\/en\/#\/schema\/logo\/image\/"},"sameAs":["https:\/\/www.facebook.com\/p\/Oxymatic-61558663586440\/"]}]}},"_links":{"self":[{"href":"https:\/\/www.oxymatic.lobostudio.pl\/cs\/wp-json\/wp\/v2\/pages\/5659","targetHints":{"allow":["GET"]}}],"collection":[{"href":"https:\/\/www.oxymatic.lobostudio.pl\/cs\/wp-json\/wp\/v2\/pages"}],"about":[{"href":"https:\/\/www.oxymatic.lobostudio.pl\/cs\/wp-json\/wp\/v2\/types\/page"}],"author":[{"embeddable":true,"href":"https:\/\/www.oxymatic.lobostudio.pl\/cs\/wp-json\/wp\/v2\/users\/1"}],"replies":[{"embeddable":true,"href":"https:\/\/www.oxymatic.lobostudio.pl\/cs\/wp-json\/wp\/v2\/comments?post=5659"}],"version-history":[{"count":1,"href":"https:\/\/www.oxymatic.lobostudio.pl\/cs\/wp-json\/wp\/v2\/pages\/5659\/revisions"}],"predecessor-version":[{"id":5660,"href":"https:\/\/www.oxymatic.lobostudio.pl\/cs\/wp-json\/wp\/v2\/pages\/5659\/revisions\/5660"}],"wp:attachment":[{"href":"https:\/\/www.oxymatic.lobostudio.pl\/cs\/wp-json\/wp\/v2\/media?parent=5659"}],"curies":[{"name":"wp","href":"https:\/\/api.w.org\/{rel}","templated":true}]}}