{"id":6068,"date":"2024-03-29T16:26:10","date_gmt":"2024-03-29T16:26:10","guid":{"rendered":"https:\/\/oxymatic.lobostudio.pl\/financement\/"},"modified":"2025-09-28T19:18:56","modified_gmt":"2025-09-28T19:18:56","slug":"financement","status":"publish","type":"page","link":"https:\/\/www.oxymatic.lobostudio.pl\/fr\/financement\/","title":{"rendered":"financement"},"content":{"rendered":"\t\t<div data-elementor-type=\"wp-page\" data-elementor-id=\"6068\" class=\"elementor elementor-6068 elementor-979\" data-elementor-post-type=\"page\">\n\t\t\t\t\t\t\t<div class=\"elementor-element elementor-element-c2e1d3e e-flex e-con-boxed e-con e-child\" data-id=\"c2e1d3e\" data-element_type=\"container\" data-settings=\"{&quot;background_background&quot;:&quot;classic&quot;,&quot;shape_divider_bottom&quot;:&quot;mountains&quot;,&quot;container_type&quot;:&quot;flex&quot;,&quot;content_width&quot;:&quot;boxed&quot;}\">\n\t\t\t\t\t<div class=\"e-con-inner\">\n\t\t\t\t<div class=\"elementor-shape elementor-shape-bottom\" data-negative=\"false\">\n\t\t\t<svg xmlns=\"http:\/\/www.w3.org\/2000\/svg\" viewBox=\"0 0 1000 100\" preserveAspectRatio=\"none\">\n\t<path class=\"elementor-shape-fill\" opacity=\"0.33\" d=\"M473,67.3c-203.9,88.3-263.1-34-320.3,0C66,119.1,0,59.7,0,59.7V0h1000v59.7 c0,0-62.1,26.1-94.9,29.3c-32.8,3.3-62.8-12.3-75.8-22.1C806,49.6,745.3,8.7,694.9,4.7S492.4,59,473,67.3z\"\/>\n\t<path class=\"elementor-shape-fill\" opacity=\"0.66\" d=\"M734,67.3c-45.5,0-77.2-23.2-129.1-39.1c-28.6-8.7-150.3-10.1-254,39.1 s-91.7-34.4-149.2,0C115.7,118.3,0,39.8,0,39.8V0h1000v36.5c0,0-28.2-18.5-92.1-18.5C810.2,18.1,775.7,67.3,734,67.3z\"\/>\n\t<path class=\"elementor-shape-fill\" d=\"M766.1,28.9c-200-57.5-266,65.5-395.1,19.5C242,1.8,242,5.4,184.8,20.6C128,35.8,132.3,44.9,89.9,52.5C28.6,63.7,0,0,0,0 h1000c0,0-9.9,40.9-83.6,48.1S829.6,47,766.1,28.9z\"\/>\n<\/svg>\t\t<\/div>\n\t\t\t\t<div class=\"elementor-element elementor-element-d43897f elementor-absolute elementor-widget__width-initial elementor-invisible elementor-widget elementor-widget-heading\" data-id=\"d43897f\" data-element_type=\"widget\" data-settings=\"{&quot;_position&quot;:&quot;absolute&quot;,&quot;motion_fx_motion_fx_scrolling&quot;:&quot;yes&quot;,&quot;motion_fx_translateY_effect&quot;:&quot;yes&quot;,&quot;_animation&quot;:&quot;fadeIn&quot;,&quot;_animation_delay&quot;:500,&quot;motion_fx_translateY_speed&quot;:{&quot;unit&quot;:&quot;px&quot;,&quot;size&quot;:4,&quot;sizes&quot;:[]},&quot;motion_fx_translateY_affectedRange&quot;:{&quot;unit&quot;:&quot;%&quot;,&quot;size&quot;:&quot;&quot;,&quot;sizes&quot;:{&quot;start&quot;:0,&quot;end&quot;:100}},&quot;motion_fx_devices&quot;:[&quot;desktop&quot;,&quot;tablet&quot;,&quot;mobile&quot;]}\" data-widget_type=\"heading.default\">\n\t\t\t\t<div class=\"elementor-widget-container\">\n\t\t\t<style>\/*! elementor - v3.17.0 - 08-11-2023 *\/\n.elementor-heading-title{padding:0;margin:0;line-height:1}.elementor-widget-heading .elementor-heading-title[class*=elementor-size-]>a{color:inherit;font-size:inherit;line-height:inherit}.elementor-widget-heading .elementor-heading-title.elementor-size-small{font-size:15px}.elementor-widget-heading .elementor-heading-title.elementor-size-medium{font-size:19px}.elementor-widget-heading .elementor-heading-title.elementor-size-large{font-size:29px}.elementor-widget-heading .elementor-heading-title.elementor-size-xl{font-size:39px}.elementor-widget-heading .elementor-heading-title.elementor-size-xxl{font-size:59px}<\/style><h2 class=\"elementor-heading-title elementor-size-default\">FINANCEMENT<\/h2>\t\t<\/div>\n\t\t\t\t<\/div>\n\t\t<div class=\"elementor-element elementor-element-f64b93c e-con-full e-flex elementor-invisible e-con e-child\" data-id=\"f64b93c\" data-element_type=\"container\" data-settings=\"{&quot;content_width&quot;:&quot;full&quot;,&quot;background_background&quot;:&quot;classic&quot;,&quot;animation&quot;:&quot;fadeInRight&quot;,&quot;container_type&quot;:&quot;flex&quot;}\">\n\t\t\t\t<div class=\"elementor-element elementor-element-d9d513f elementor-widget elementor-widget-heading\" data-id=\"d9d513f\" data-element_type=\"widget\" data-settings=\"{&quot;_animation&quot;:&quot;none&quot;}\" data-widget_type=\"heading.default\">\n\t\t\t\t<div class=\"elementor-widget-container\">\n\t\t\t<h2 class=\"elementor-heading-title elementor-size-default\">FINANCEMENT<\/h2>\t\t<\/div>\n\t\t\t\t<\/div>\n\t\t\t\t<div class=\"elementor-element elementor-element-3e575c2 elementor-widget__width-initial elementor-widget elementor-widget-text-editor\" data-id=\"3e575c2\" data-element_type=\"widget\" data-widget_type=\"text-editor.default\">\n\t\t\t\t<div class=\"elementor-widget-container\">\n\t\t\t<style>\/*! elementor - v3.17.0 - 08-11-2023 *\/\n.elementor-widget-text-editor.elementor-drop-cap-view-stacked .elementor-drop-cap{background-color:#69727d;color:#fff}.elementor-widget-text-editor.elementor-drop-cap-view-framed .elementor-drop-cap{color:#69727d;border:3px solid;background-color:transparent}.elementor-widget-text-editor:not(.elementor-drop-cap-view-default) .elementor-drop-cap{margin-top:8px}.elementor-widget-text-editor:not(.elementor-drop-cap-view-default) .elementor-drop-cap-letter{width:1em;height:1em}.elementor-widget-text-editor .elementor-drop-cap{float:left;text-align:center;line-height:1;font-size:50px}.elementor-widget-text-editor .elementor-drop-cap-letter{display:inline-block}<\/style>\t\t\t\t<h3><b>Nos conseillers se feront un plaisir de vous aider \u00e0 choisir l&#8217;option de financement la plus favorable pour l&#8217;achat de votre chambre.<\/b><\/h3>\t\t\t\t\t\t<\/div>\n\t\t\t\t<\/div>\n\t\t\t\t<div class=\"elementor-element elementor-element-57b59e6 elementor-widget__width-initial elementor-widget elementor-widget-text-editor\" data-id=\"57b59e6\" data-element_type=\"widget\" data-widget_type=\"text-editor.default\">\n\t\t\t\t<div class=\"elementor-widget-container\">\n\t\t\t\t\t\t\t<p>Oxymatic\u00ae propose des options de financement flexibles aux clients d\u00e9sireux d&#8217;investir dans une chambre hyperbare, y compris la location-vente et le cr\u00e9dit-bail, qui sont adapt\u00e9s aux besoins et aux pr\u00e9f\u00e9rences de chaque client. L&#8217;\u00e9quipe d&#8217;experts de l&#8217;entreprise est \u00e0 votre disposition pour vous aider dans le processus de financement, en travaillant avec diff\u00e9rentes institutions financi\u00e8res pour vous aider \u00e0 choisir la meilleure offre. L&#8217;objectif d&#8217;Oxymatic\u00ae est de permettre aux clients de profiter des avantages de la th\u00e9rapie hyperbare sans en subir la charge financi\u00e8re.  <\/p>\t\t\t\t\t\t<\/div>\n\t\t\t\t<\/div>\n\t\t\t\t<\/div>\n\t\t\t\t<div class=\"elementor-element elementor-element-f7acdc2 elementor-widget__width-initial elementor-widget-tablet__width-initial elementor-absolute elementor-invisible elementor-widget elementor-widget-image\" data-id=\"f7acdc2\" data-element_type=\"widget\" data-settings=\"{&quot;_position&quot;:&quot;absolute&quot;,&quot;_animation&quot;:&quot;fadeIn&quot;}\" data-widget_type=\"image.default\">\n\t\t\t\t<div class=\"elementor-widget-container\">\n\t\t\t<style>\/*! elementor - v3.17.0 - 08-11-2023 *\/\n.elementor-widget-image{text-align:center}.elementor-widget-image a{display:inline-block}.elementor-widget-image a img[src$=\".svg\"]{width:48px}.elementor-widget-image img{vertical-align:middle;display:inline-block}<\/style>\t\t\t\t\t\t\t\t\t\t\t\t<img fetchpriority=\"high\" decoding=\"async\" width=\"800\" height=\"534\" src=\"https:\/\/oxymatic.lobostudio.pl\/wp-content\/uploads\/2024\/02\/finansowanie-1024x683.webp\" class=\"attachment-large size-large wp-image-6009\" alt=\"\" srcset=\"https:\/\/oxymatic.lobostudio.pl\/wp-content\/uploads\/2024\/02\/finansowanie-1024x683.webp 1024w, https:\/\/oxymatic.lobostudio.pl\/wp-content\/uploads\/2024\/02\/finansowanie-300x200.webp 300w, https:\/\/oxymatic.lobostudio.pl\/wp-content\/uploads\/2024\/02\/finansowanie-768x512.webp 768w, https:\/\/oxymatic.lobostudio.pl\/wp-content\/uploads\/2024\/02\/finansowanie-1536x1024.webp 1536w, https:\/\/oxymatic.lobostudio.pl\/wp-content\/uploads\/2024\/02\/finansowanie.webp 1920w\" sizes=\"(max-width: 800px) 100vw, 800px\" \/>\t\t\t\t\t\t\t\t\t\t\t\t\t\t\t<\/div>\n\t\t\t\t<\/div>\n\t\t\t\t\t<\/div>\n\t\t\t\t<\/div>\n\t\t<div class=\"elementor-element elementor-element-3a85399 e-flex e-con-boxed e-con e-child\" data-id=\"3a85399\" data-element_type=\"container\" data-settings=\"{&quot;background_background&quot;:&quot;classic&quot;,&quot;container_type&quot;:&quot;flex&quot;,&quot;content_width&quot;:&quot;boxed&quot;}\">\n\t\t\t\t\t<div class=\"e-con-inner\">\n\t\t<div class=\"elementor-element elementor-element-b2c98a6 e-flex e-con-boxed e-con e-child\" data-id=\"b2c98a6\" data-element_type=\"container\" data-settings=\"{&quot;background_background&quot;:&quot;classic&quot;,&quot;container_type&quot;:&quot;flex&quot;,&quot;content_width&quot;:&quot;boxed&quot;}\">\n\t\t\t\t\t<div class=\"e-con-inner\">\n\t\t\t\t<div class=\"elementor-element elementor-element-0c1a7d6 elementor-widget elementor-widget-heading\" data-id=\"0c1a7d6\" data-element_type=\"widget\" data-widget_type=\"heading.default\">\n\t\t\t\t<div class=\"elementor-widget-container\">\n\t\t\t<h2 class=\"elementor-heading-title elementor-size-default\">Options de financement flexibles sur Oxymatic<sup>\u00ae  <\/h2>\t\t<\/div>\n\t\t\t\t<\/div>\n\t\t\t\t<div class=\"elementor-element elementor-element-303292f elementor-widget elementor-widget-text-editor\" data-id=\"303292f\" data-element_type=\"widget\" data-widget_type=\"text-editor.default\">\n\t\t\t\t<div class=\"elementor-widget-container\">\n\t\t\t\t\t\t\t<p align=\"justify\">Chez Oxymatic\u00ae, nous comprenons que l&#8217;investissement dans un caisson hyperbare est une d\u00e9cision importante. Afin de vous faciliter la t\u00e2che, nous vous proposons des options de financement flexibles. Notre objectif est de vous permettre de profiter des avantages de l&#8217;oxyg\u00e9noth\u00e9rapie hyperbare, quelles que soient vos capacit\u00e9s financi\u00e8res. <\/p>\t\t\t\t\t\t<\/div>\n\t\t\t\t<\/div>\n\t\t\t\t\t<\/div>\n\t\t\t\t<\/div>\n\t\t<div class=\"elementor-element elementor-element-d749fd8 e-flex e-con-boxed e-con e-child\" data-id=\"d749fd8\" data-element_type=\"container\" data-settings=\"{&quot;background_background&quot;:&quot;classic&quot;,&quot;container_type&quot;:&quot;flex&quot;,&quot;content_width&quot;:&quot;boxed&quot;}\">\n\t\t\t\t\t<div class=\"e-con-inner\">\n\t\t\t\t<div class=\"elementor-element elementor-element-a27968a elementor-widget elementor-widget-heading\" data-id=\"a27968a\" data-element_type=\"widget\" data-widget_type=\"heading.default\">\n\t\t\t\t<div class=\"elementor-widget-container\">\n\t\t\t<h2 class=\"elementor-heading-title elementor-size-default\">location-vente et cr\u00e9dit-bail - adapt\u00e9s \u00e0 vos besoins<\/h2>\t\t<\/div>\n\t\t\t\t<\/div>\n\t\t\t\t<div class=\"elementor-element elementor-element-bfbdbb9 elementor-widget elementor-widget-text-editor\" data-id=\"bfbdbb9\" data-element_type=\"widget\" data-widget_type=\"text-editor.default\">\n\t\t\t\t<div class=\"elementor-widget-container\">\n\t\t\t\t\t\t\t<p align=\"justify\">Nous offrons une vari\u00e9t\u00e9 d&#8217;options de financement, y compris la location-vente et le cr\u00e9dit-bail. Nous comprenons que chaque client a des besoins et des pr\u00e9f\u00e9rences uniques, c&#8217;est pourquoi nous travaillons avec des partenaires financiers de confiance pour vous aider \u00e0 trouver la forme de financement la plus avantageuse. Notre r\u00f4le ne s&#8217;arr\u00eate pas \u00e0 la vente d&#8217;\u00e9quipement &#8211; nous sommes l\u00e0 pour vous soutenir \u00e0 chaque \u00e9tape du processus d&#8217;achat.  <\/p>\t\t\t\t\t\t<\/div>\n\t\t\t\t<\/div>\n\t\t\t\t\t<\/div>\n\t\t\t\t<\/div>\n\t\t<div class=\"elementor-element elementor-element-7a7d683 e-flex e-con-boxed e-con e-child\" data-id=\"7a7d683\" data-element_type=\"container\" data-settings=\"{&quot;background_background&quot;:&quot;classic&quot;,&quot;container_type&quot;:&quot;flex&quot;,&quot;content_width&quot;:&quot;boxed&quot;}\">\n\t\t\t\t\t<div class=\"e-con-inner\">\n\t\t\t\t<div class=\"elementor-element elementor-element-9eb9ee7 elementor-widget elementor-widget-heading\" data-id=\"9eb9ee7\" data-element_type=\"widget\" data-widget_type=\"heading.default\">\n\t\t\t\t<div class=\"elementor-widget-container\">\n\t\t\t<h2 class=\"elementor-heading-title elementor-size-default\">Aide \u00e0 l'obtention d'un financement<\/h2>\t\t<\/div>\n\t\t\t\t<\/div>\n\t\t\t\t<div class=\"elementor-element elementor-element-69183f1 elementor-widget elementor-widget-text-editor\" data-id=\"69183f1\" data-element_type=\"widget\" data-widget_type=\"text-editor.default\">\n\t\t\t\t<div class=\"elementor-widget-container\">\n\t\t\t\t\t\t\t<p align=\"justify\">Notre \u00e9quipe d&#8217;experts vous aidera tout au long du processus d&#8217;obtention d&#8217;un financement, qu&#8217;il s&#8217;agisse d&#8217;un achat \u00e0 temp\u00e9rament ou d&#8217;un cr\u00e9dit-bail. Nous travaillons avec un grand nombre d&#8217;institutions financi\u00e8res afin de vous garantir l&#8217;acc\u00e8s aux meilleures offres disponibles. Notre travail consiste \u00e0 faciliter votre d\u00e9cision et \u00e0 veiller \u00e0 ce que l&#8217;ensemble du processus se d\u00e9roule sans heurts.  <\/p>\t\t\t\t\t\t<\/div>\n\t\t\t\t<\/div>\n\t\t\t\t\t<\/div>\n\t\t\t\t<\/div>\n\t\t<div class=\"elementor-element elementor-element-e5bde26 e-flex e-con-boxed e-con e-child\" data-id=\"e5bde26\" data-element_type=\"container\" data-settings=\"{&quot;background_background&quot;:&quot;classic&quot;,&quot;container_type&quot;:&quot;flex&quot;,&quot;content_width&quot;:&quot;boxed&quot;}\">\n\t\t\t\t\t<div class=\"e-con-inner\">\n\t\t\t\t<div class=\"elementor-element elementor-element-c2f91b3 elementor-widget elementor-widget-text-editor\" data-id=\"c2f91b3\" data-element_type=\"widget\" data-widget_type=\"text-editor.default\">\n\t\t\t\t<div class=\"elementor-widget-container\">\n\t\t\t\t\t\t\t<h4 style=\"line-height: 108%; margin-bottom: 0.28cm;\" align=\"justify\">Choisir la bonne option de financement est une \u00e9tape cl\u00e9 pour profiter de la th\u00e9rapie hyperbare. Chez Oxymatic\u00ae, nous nous engageons \u00e0 vous aider \u00e0 trouver la meilleure solution pour vous permettre de profiter des avantages de nos chambres hyperbares sans en subir les cons\u00e9quences financi\u00e8res. <\/h4>\t\t\t\t\t\t<\/div>\n\t\t\t\t<\/div>\n\t\t\t\t\t<\/div>\n\t\t\t\t<\/div>\n\t\t\t\t\t<\/div>\n\t\t\t\t<\/div>\n\t\t\t\t\t\t\t<\/div>\n\t\t","protected":false},"excerpt":{"rendered":"<p>FINANCEMENT FINANCEMENT Nos conseillers se feront un plaisir de vous aider \u00e0 choisir l&#8217;option de financement la plus favorable pour l&#8217;achat de votre chambre. Oxymatic\u00ae propose des options de financement flexibles aux clients d\u00e9sireux d&#8217;investir dans une chambre hyperbare, y compris la location-vente et le cr\u00e9dit-bail, qui sont adapt\u00e9s aux besoins et aux pr\u00e9f\u00e9rences de [&hellip;]<\/p>\n","protected":false},"author":1,"featured_media":0,"parent":0,"menu_order":0,"comment_status":"closed","ping_status":"closed","template":"elementor_header_footer","meta":{"_acf_changed":false,"inline_featured_image":false,"footnotes":""},"class_list":["post-6068","page","type-page","status-publish","hentry"],"acf":[],"yoast_head":"<!-- This site is optimized with the Yoast SEO plugin v22.4 - https:\/\/yoast.com\/wordpress\/plugins\/seo\/ -->\n<title>financement - Oxymatic<\/title>\n<meta name=\"robots\" content=\"index, follow, max-snippet:-1, max-image-preview:large, max-video-preview:-1\" \/>\n<link rel=\"canonical\" href=\"https:\/\/oxymatic.lobostudio.pl\/en\/financing\/\" \/>\n<meta property=\"og:locale\" content=\"fr_FR\" \/>\n<meta property=\"og:type\" content=\"article\" \/>\n<meta property=\"og:title\" content=\"financement - Oxymatic\" \/>\n<meta property=\"og:description\" content=\"FINANCEMENT FINANCEMENT Nos conseillers se feront un plaisir de vous aider \u00e0 choisir l&#8217;option de financement la plus favorable pour l&#8217;achat de votre chambre. Oxymatic\u00ae propose des options de financement flexibles aux clients d\u00e9sireux d&#8217;investir dans une chambre hyperbare, y compris la location-vente et le cr\u00e9dit-bail, qui sont adapt\u00e9s aux besoins et aux pr\u00e9f\u00e9rences de [&hellip;]\" \/>\n<meta property=\"og:url\" content=\"https:\/\/oxymatic.lobostudio.pl\/en\/financing\/\" \/>\n<meta property=\"og:site_name\" content=\"Oxymatic\" \/>\n<meta property=\"article:publisher\" content=\"https:\/\/www.facebook.com\/p\/Oxymatic-61558663586440\/\" \/>\n<meta property=\"article:modified_time\" content=\"2025-09-28T19:18:56+00:00\" \/>\n<meta property=\"og:image\" content=\"https:\/\/oxymatic.lobostudio.pl\/wp-content\/uploads\/2024\/02\/finansowanie-1024x683.webp\" \/>\n<meta name=\"twitter:card\" content=\"summary_large_image\" \/>\n<meta name=\"twitter:label1\" content=\"Dur\u00e9e de lecture estim\u00e9e\" \/>\n\t<meta name=\"twitter:data1\" content=\"2 minutes\" \/>\n<script type=\"application\/ld+json\" class=\"yoast-schema-graph\">{\"@context\":\"https:\/\/schema.org\",\"@graph\":[{\"@type\":\"WebPage\",\"@id\":\"https:\/\/oxymatic.lobostudio.pl\/en\/financing\/\",\"url\":\"https:\/\/oxymatic.lobostudio.pl\/en\/financing\/\",\"name\":\"financement - Oxymatic\",\"isPartOf\":{\"@id\":\"https:\/\/www.oxymatic.lobostudio.pl\/en\/#website\"},\"primaryImageOfPage\":{\"@id\":\"https:\/\/oxymatic.lobostudio.pl\/en\/financing\/#primaryimage\"},\"image\":{\"@id\":\"https:\/\/oxymatic.lobostudio.pl\/en\/financing\/#primaryimage\"},\"thumbnailUrl\":\"https:\/\/oxymatic.lobostudio.pl\/wp-content\/uploads\/2024\/02\/finansowanie-1024x683.webp\",\"datePublished\":\"2024-03-29T16:26:10+00:00\",\"dateModified\":\"2025-09-28T19:18:56+00:00\",\"breadcrumb\":{\"@id\":\"https:\/\/oxymatic.lobostudio.pl\/en\/financing\/#breadcrumb\"},\"inLanguage\":\"fr-FR\",\"potentialAction\":[{\"@type\":\"ReadAction\",\"target\":[\"https:\/\/oxymatic.lobostudio.pl\/en\/financing\/\"]}]},{\"@type\":\"ImageObject\",\"inLanguage\":\"fr-FR\",\"@id\":\"https:\/\/oxymatic.lobostudio.pl\/en\/financing\/#primaryimage\",\"url\":\"https:\/\/oxymatic.lobostudio.pl\/wp-content\/uploads\/2024\/02\/finansowanie-1024x683.webp\",\"contentUrl\":\"https:\/\/oxymatic.lobostudio.pl\/wp-content\/uploads\/2024\/02\/finansowanie-1024x683.webp\"},{\"@type\":\"BreadcrumbList\",\"@id\":\"https:\/\/oxymatic.lobostudio.pl\/en\/financing\/#breadcrumb\",\"itemListElement\":[{\"@type\":\"ListItem\",\"position\":1,\"name\":\"Home\",\"item\":\"https:\/\/oxymatic.lobostudio.pl\/fr\/\"},{\"@type\":\"ListItem\",\"position\":2,\"name\":\"financement\"}]},{\"@type\":\"WebSite\",\"@id\":\"https:\/\/www.oxymatic.lobostudio.pl\/en\/#website\",\"url\":\"https:\/\/www.oxymatic.lobostudio.pl\/en\/\",\"name\":\"Oxymatic - komory hiperbaryczne\",\"description\":\"komory hiperbaryczne mHBOT\",\"publisher\":{\"@id\":\"https:\/\/www.oxymatic.lobostudio.pl\/en\/#organization\"},\"potentialAction\":[{\"@type\":\"SearchAction\",\"target\":{\"@type\":\"EntryPoint\",\"urlTemplate\":\"https:\/\/www.oxymatic.lobostudio.pl\/en\/?s={search_term_string}\"},\"query-input\":\"required name=search_term_string\"}],\"inLanguage\":\"fr-FR\"},{\"@type\":\"Organization\",\"@id\":\"https:\/\/www.oxymatic.lobostudio.pl\/en\/#organization\",\"name\":\"Oxymatic\",\"url\":\"https:\/\/www.oxymatic.lobostudio.pl\/en\/\",\"logo\":{\"@type\":\"ImageObject\",\"inLanguage\":\"fr-FR\",\"@id\":\"https:\/\/www.oxymatic.lobostudio.pl\/en\/#\/schema\/logo\/image\/\",\"url\":\"https:\/\/oxymatic.lobostudio.pl\/wp-content\/uploads\/2023\/12\/Oxymatic-logo-green-1.svg\",\"contentUrl\":\"https:\/\/oxymatic.lobostudio.pl\/wp-content\/uploads\/2023\/12\/Oxymatic-logo-green-1.svg\",\"width\":195,\"height\":43,\"caption\":\"Oxymatic\"},\"image\":{\"@id\":\"https:\/\/www.oxymatic.lobostudio.pl\/en\/#\/schema\/logo\/image\/\"},\"sameAs\":[\"https:\/\/www.facebook.com\/p\/Oxymatic-61558663586440\/\"]}]}<\/script>\n<!-- \/ Yoast SEO plugin. -->","yoast_head_json":{"title":"financement - Oxymatic","robots":{"index":"index","follow":"follow","max-snippet":"max-snippet:-1","max-image-preview":"max-image-preview:large","max-video-preview":"max-video-preview:-1"},"canonical":"https:\/\/oxymatic.lobostudio.pl\/en\/financing\/","og_locale":"fr_FR","og_type":"article","og_title":"financement - Oxymatic","og_description":"FINANCEMENT FINANCEMENT Nos conseillers se feront un plaisir de vous aider \u00e0 choisir l&#8217;option de financement la plus favorable pour l&#8217;achat de votre chambre. Oxymatic\u00ae propose des options de financement flexibles aux clients d\u00e9sireux d&#8217;investir dans une chambre hyperbare, y compris la location-vente et le cr\u00e9dit-bail, qui sont adapt\u00e9s aux besoins et aux pr\u00e9f\u00e9rences de [&hellip;]","og_url":"https:\/\/oxymatic.lobostudio.pl\/en\/financing\/","og_site_name":"Oxymatic","article_publisher":"https:\/\/www.facebook.com\/p\/Oxymatic-61558663586440\/","article_modified_time":"2025-09-28T19:18:56+00:00","og_image":[{"url":"https:\/\/oxymatic.lobostudio.pl\/wp-content\/uploads\/2024\/02\/finansowanie-1024x683.webp"}],"twitter_card":"summary_large_image","twitter_misc":{"Dur\u00e9e de lecture estim\u00e9e":"2 minutes"},"schema":{"@context":"https:\/\/schema.org","@graph":[{"@type":"WebPage","@id":"https:\/\/oxymatic.lobostudio.pl\/en\/financing\/","url":"https:\/\/oxymatic.lobostudio.pl\/en\/financing\/","name":"financement - Oxymatic","isPartOf":{"@id":"https:\/\/www.oxymatic.lobostudio.pl\/en\/#website"},"primaryImageOfPage":{"@id":"https:\/\/oxymatic.lobostudio.pl\/en\/financing\/#primaryimage"},"image":{"@id":"https:\/\/oxymatic.lobostudio.pl\/en\/financing\/#primaryimage"},"thumbnailUrl":"https:\/\/oxymatic.lobostudio.pl\/wp-content\/uploads\/2024\/02\/finansowanie-1024x683.webp","datePublished":"2024-03-29T16:26:10+00:00","dateModified":"2025-09-28T19:18:56+00:00","breadcrumb":{"@id":"https:\/\/oxymatic.lobostudio.pl\/en\/financing\/#breadcrumb"},"inLanguage":"fr-FR","potentialAction":[{"@type":"ReadAction","target":["https:\/\/oxymatic.lobostudio.pl\/en\/financing\/"]}]},{"@type":"ImageObject","inLanguage":"fr-FR","@id":"https:\/\/oxymatic.lobostudio.pl\/en\/financing\/#primaryimage","url":"https:\/\/oxymatic.lobostudio.pl\/wp-content\/uploads\/2024\/02\/finansowanie-1024x683.webp","contentUrl":"https:\/\/oxymatic.lobostudio.pl\/wp-content\/uploads\/2024\/02\/finansowanie-1024x683.webp"},{"@type":"BreadcrumbList","@id":"https:\/\/oxymatic.lobostudio.pl\/en\/financing\/#breadcrumb","itemListElement":[{"@type":"ListItem","position":1,"name":"Home","item":"https:\/\/oxymatic.lobostudio.pl\/fr\/"},{"@type":"ListItem","position":2,"name":"financement"}]},{"@type":"WebSite","@id":"https:\/\/www.oxymatic.lobostudio.pl\/en\/#website","url":"https:\/\/www.oxymatic.lobostudio.pl\/en\/","name":"Oxymatic - komory hiperbaryczne","description":"komory hiperbaryczne mHBOT","publisher":{"@id":"https:\/\/www.oxymatic.lobostudio.pl\/en\/#organization"},"potentialAction":[{"@type":"SearchAction","target":{"@type":"EntryPoint","urlTemplate":"https:\/\/www.oxymatic.lobostudio.pl\/en\/?s={search_term_string}"},"query-input":"required name=search_term_string"}],"inLanguage":"fr-FR"},{"@type":"Organization","@id":"https:\/\/www.oxymatic.lobostudio.pl\/en\/#organization","name":"Oxymatic","url":"https:\/\/www.oxymatic.lobostudio.pl\/en\/","logo":{"@type":"ImageObject","inLanguage":"fr-FR","@id":"https:\/\/www.oxymatic.lobostudio.pl\/en\/#\/schema\/logo\/image\/","url":"https:\/\/oxymatic.lobostudio.pl\/wp-content\/uploads\/2023\/12\/Oxymatic-logo-green-1.svg","contentUrl":"https:\/\/oxymatic.lobostudio.pl\/wp-content\/uploads\/2023\/12\/Oxymatic-logo-green-1.svg","width":195,"height":43,"caption":"Oxymatic"},"image":{"@id":"https:\/\/www.oxymatic.lobostudio.pl\/en\/#\/schema\/logo\/image\/"},"sameAs":["https:\/\/www.facebook.com\/p\/Oxymatic-61558663586440\/"]}]}},"_links":{"self":[{"href":"https:\/\/www.oxymatic.lobostudio.pl\/fr\/wp-json\/wp\/v2\/pages\/6068","targetHints":{"allow":["GET"]}}],"collection":[{"href":"https:\/\/www.oxymatic.lobostudio.pl\/fr\/wp-json\/wp\/v2\/pages"}],"about":[{"href":"https:\/\/www.oxymatic.lobostudio.pl\/fr\/wp-json\/wp\/v2\/types\/page"}],"author":[{"embeddable":true,"href":"https:\/\/www.oxymatic.lobostudio.pl\/fr\/wp-json\/wp\/v2\/users\/1"}],"replies":[{"embeddable":true,"href":"https:\/\/www.oxymatic.lobostudio.pl\/fr\/wp-json\/wp\/v2\/comments?post=6068"}],"version-history":[{"count":1,"href":"https:\/\/www.oxymatic.lobostudio.pl\/fr\/wp-json\/wp\/v2\/pages\/6068\/revisions"}],"predecessor-version":[{"id":6071,"href":"https:\/\/www.oxymatic.lobostudio.pl\/fr\/wp-json\/wp\/v2\/pages\/6068\/revisions\/6071"}],"wp:attachment":[{"href":"https:\/\/www.oxymatic.lobostudio.pl\/fr\/wp-json\/wp\/v2\/media?parent=6068"}],"curies":[{"name":"wp","href":"https:\/\/api.w.org\/{rel}","templated":true}]}}